{"id":7497,"date":"2022-03-02T15:29:20","date_gmt":"2022-03-02T15:29:20","guid":{"rendered":"https:\/\/isisrl.company\/kontakt\/"},"modified":"2022-10-26T08:12:38","modified_gmt":"2022-10-26T08:12:38","slug":"kontakt","status":"publish","type":"page","link":"https:\/\/isisrl.company\/de\/kontakt\/","title":{"rendered":"KONTAKT"},"content":{"rendered":"<section class=\"l-section wpb_row height_medium width_full color_primary with_img\"><div class=\"l-section-img\" role=\"img\" aria-label=\"ISI | International System Industry\" data-img-width=\"1920\" data-img-height=\"608\" style=\"background-image: url(https:\/\/isisrl.company\/wp-content\/uploads\/2022\/01\/1.jpg);background-position: top center;background-repeat: no-repeat;\"><\/div><div class=\"l-section-overlay\" style=\"background:rgba(0,0,0,0.45)\"><\/div><div class=\"l-section-h i-cf\"><div class=\"g-cols vc_row via_flex valign_top type_default stacking_default\"><div class=\"vc_col-sm-12 wpb_column vc_column_container\"><div class=\"vc_column-inner\"><div class=\"wpb_wrapper\"><div class=\"w-separator size_custom\" style=\"height:100px\"><\/div><div class=\"wpb_text_column us_custom_9dbbdff4\"><div class=\"wpb_wrapper\"><h2 style=\"text-align: center;\"><strong>IMMER AN DEINER SEITE <\/strong><\/h2>\n<\/div><\/div><div class=\"w-separator size_custom\" style=\"height:100px\"><\/div><\/div><\/div><\/div><\/div><\/div><\/section><section class=\"l-section wpb_row hide_on_tablets hide_on_mobiles height_medium\"><div class=\"l-section-h i-cf\"><div class=\"g-cols vc_row via_flex valign_middle type_default stacking_default\"><div class=\"vc_col-sm-12 wpb_column vc_column_container us_animate_afb\" style=\"animation-delay:0s\"><div class=\"vc_column-inner\"><div class=\"wpb_wrapper\"><div class=\"g-cols wpb_row via_flex valign_top type_default stacking_default\"><div class=\"vc_col-sm-6 wpb_column vc_column_container\"><div class=\"vc_column-inner\"><div class=\"wpb_wrapper\"><h1 class=\"w-text us_custom_c39729dd has_text_color\"><span class=\"w-text-h\"><span class=\"w-text-value\">KONTAKTE<\/span><\/span><\/h1><h2 class=\"w-text us_custom_07c0476c\"><span class=\"w-text-h\"><span class=\"w-text-value\">Spezialisten f\u00fcr Malerei<br \/>\nf\u00fcr die Kosmetik- und Parf\u00fcmeriebranche<\/span><\/span><\/h2><\/div><\/div><\/div><div class=\"vc_col-sm-6 wpb_column vc_column_container\"><div class=\"vc_column-inner\"><div class=\"wpb_wrapper\"><\/div><\/div><\/div><\/div><div class=\"w-separator size_small with_line width_default thick_2 style_solid color_secondary align_center with_content\"><div class=\"w-separator-h\"><i class=\"fas fa-map-marker-alt\"><\/i><\/div><\/div><div class=\"g-cols wpb_row via_flex valign_top type_default stacking_default\"><div class=\"vc_col-sm-6 wpb_column vc_column_container\"><div class=\"vc_column-inner\"><div class=\"wpb_wrapper\"><div class=\"w-image align_left\"><div class=\"w-image-h\"><img decoding=\"async\" width=\"274\" height=\"162\" src=\"https:\/\/isisrl.company\/wp-content\/uploads\/2022\/01\/logo-e1642519198667.png\" class=\"attachment-medium size-medium\" alt=\"ISI | International System Industry\" loading=\"lazy\" \/><\/div><\/div><div class=\"w-separator size_custom\" style=\"height:20px\"><\/div><div class=\"wpb_text_column\"><div class=\"wpb_wrapper\"><h2><strong>I.S.I. srl<br \/>\n<\/strong><\/h2>\n<\/div><\/div><div class=\"wpb_text_column\"><div class=\"wpb_wrapper\"><p style=\"text-align: justify;\">Um Informationen \u00fcber unsere Dienstleistungen und Prozesse zu erhalten, senden Sie eine E-Mail an: <strong><a href=\"mailto:amministrazione@isisrl.company\" target=\"_blank\" rel=\"noopener noreferrer\">amministrazione@isisrl.company<\/a><\/strong> oder f\u00fcllen Sie das entsprechende Formular aus.<br \/>\nSie werden schnellstm\u00f6glich kontaktiert.<\/p>\n<\/div><\/div><div class=\"w-separator size_custom\" style=\"height:10px\"><\/div><div class=\"w-iconbox iconpos_left style_default color_primary align_left no_title\"><div class=\"w-iconbox-icon\" style=\"font-size:20px;\"><i class=\"fas fa-map-marker-alt\"><\/i><\/div><div class=\"w-iconbox-meta\"><div class=\"w-iconbox-text\"><p>Via Delfino Colombo, 32 \u2013 13044 Crescentino (VC)<\/p>\n<\/div><\/div><\/div><div class=\"w-iconbox iconpos_left style_default color_primary align_left no_title\"><div class=\"w-iconbox-icon\" style=\"font-size:20px;\"><i class=\"fas fa-phone\"><\/i><\/div><div class=\"w-iconbox-meta\"><div class=\"w-iconbox-text\"><p>Tel: <a href=\"tel:01611735102\" target=\"_blank\" rel=\"noopener noreferrer\">0161 1735102<\/a><\/p>\n<\/div><\/div><\/div><div class=\"w-iconbox iconpos_left style_default color_primary align_left no_title\"><div class=\"w-iconbox-icon\" style=\"font-size:20px;\"><i class=\"fas fa-envelope\"><\/i><\/div><div class=\"w-iconbox-meta\"><div class=\"w-iconbox-text\"><p>E-mail: <a href=\"mailto:amministrazione@isisrl.company\" target=\"_blank\" rel=\"noopener noreferrer\">amministrazione@isisrl.company<\/a><\/p>\n<\/div><\/div><\/div><div class=\"w-iconbox iconpos_left style_default color_primary align_left no_title\"><div class=\"w-iconbox-icon\" style=\"font-size:20px;\"><i class=\"fas fa-euro-sign\"><\/i><\/div><div class=\"w-iconbox-meta\"><div class=\"w-iconbox-text\"><p>P.Iva: 11192630017<\/p>\n<\/div><\/div><\/div><div class=\"w-separator size_custom with_line width_default thick_1 style_solid color_primary align_center\" style=\"height:20px\"><div class=\"w-separator-h\"><\/div><\/div><div class=\"w-iconbox iconpos_left style_default color_primary align_left no_title\"><div class=\"w-iconbox-icon\" style=\"font-size:20px;\"><i class=\"fas fa-clock\"><\/i><\/div><div class=\"w-iconbox-meta\"><div class=\"w-iconbox-text\"><p>Ge\u00f6ffnet von Montag bis Freitag:<\/p>\n<p>Morgen 8.00 &#8211; 12.30<\/p>\n<p>Nachmittags 13:30 &#8211; 17:00 Uhr (mit letztem Wareneingang um 16:45 Uhr)<\/p>\n<p>Samstag und Sonntag: w\u00f6chentliche Schlie\u00dfung<\/p>\n<\/div><\/div><\/div><\/div><\/div><\/div><div class=\"vc_col-sm-6 wpb_column vc_column_container\"><div class=\"vc_column-inner\"><div class=\"wpb_wrapper\">[vc_raw_html]JTNDaWZyYW1lJTIwc3JjJTNEJTIyaHR0cHMlM0ElMkYlMkZ3d3cuZ29vZ2xlLmNvbSUyRm1hcHMlMkZlbWJlZCUzRnBiJTNEJTIxMW0xOCUyMTFtMTIlMjExbTMlMjExZDI4MTEuMjYxNjQwNzQ5MDM2JTIxMmQ4LjEwODY0MjM1MTc4MDUxNCUyMTNkNDUuMjAyMDQwNzc4OTk2MjYlMjEybTMlMjExZjAlMjEyZjAlMjEzZjAlMjEzbTIlMjExaTEwMjQlMjEyaTc2OCUyMTRmMTMuMSUyMTNtMyUyMTFtMiUyMTFzMHg0Nzg3Y2UzMzliYzE3MGYxJTI1M0EweDM2NTI5NWZlY2JiMjI5MDYlMjEyc0lTSSUyNTIwSW50ZXJuYXRpb25hbCUyNTIwU3lzdGVtJTI1MjBJbmR1c3RyeSUyNTIwcy5yLmwuJTIxNWUwJTIxM20yJTIxMXNpdCUyMTJzaXQlMjE0djE2NDI1MTkxMDQ5NjQlMjE1bTIlMjExc2l0JTIxMnNpdCUyMiUyMHdpZHRoJTNEJTIyMTAwJTI1JTIyJTIwaGVpZ2h0JTNEJTIyNTUwJTIyJTIwc3R5bGUlM0QlMjJib3JkZXIlM0EwJTNCJTIyJTIwYWxsb3dmdWxsc2NyZWVuJTNEJTIyJTIyJTIwbG9hZGluZyUzRCUyMmxhenklMjIlM0UlM0MlMkZpZnJhbWUlM0U=[\/vc_raw_html]<\/div><\/div><\/div><\/div><\/div><\/div><\/div><\/div><\/div><\/section><section class=\"l-section wpb_row hide_on_default hide_on_laptops height_medium\" id=\"mob\"><div class=\"l-section-h i-cf\"><div class=\"g-cols vc_row via_flex valign_middle type_default stacking_default\"><div class=\"vc_col-sm-12 wpb_column vc_column_container us_animate_afb\" style=\"animation-delay:0s\"><div class=\"vc_column-inner\"><div class=\"wpb_wrapper\"><div class=\"g-cols wpb_row via_flex valign_top type_default stacking_default\"><div class=\"vc_col-sm-12 wpb_column vc_column_container\"><div class=\"vc_column-inner\"><div class=\"wpb_wrapper\"><h2 class=\"w-text us_custom_c39729dd has_text_color\"><span class=\"w-text-h\"><span class=\"w-text-value\">KONTAKTE<\/span><\/span><\/h2><h2 class=\"w-text us_custom_07c0476c\"><span class=\"w-text-h\"><span class=\"w-text-value\">Spezialisten f\u00fcr Malerei<br \/>\nf\u00fcr die Kosmetik- und Parf\u00fcmeriebranche<\/span><\/span><\/h2><\/div><\/div><\/div><\/div><div class=\"w-separator size_small with_line width_default thick_2 style_solid color_secondary align_center with_content\"><div class=\"w-separator-h\"><i class=\"fas fa-map-marker-alt\"><\/i><\/div><\/div><div class=\"g-cols wpb_row via_flex valign_top type_default stacking_default\"><div class=\"vc_col-sm-12 wpb_column vc_column_container\"><div class=\"vc_column-inner\"><div class=\"wpb_wrapper\"><div class=\"w-image align_center\"><div class=\"w-image-h\"><img decoding=\"async\" width=\"274\" height=\"162\" src=\"https:\/\/isisrl.company\/wp-content\/uploads\/2022\/01\/logo-e1642519198667.png\" class=\"attachment-medium size-medium\" alt=\"ISI | International System Industry\" loading=\"lazy\" \/><\/div><\/div><div class=\"w-separator size_custom\" style=\"height:20px\"><\/div><div class=\"wpb_text_column\"><div class=\"wpb_wrapper\"><h2><strong>I.S.I. srl<br \/>\n<\/strong><\/h2>\n<\/div><\/div><div class=\"wpb_text_column\"><div class=\"wpb_wrapper\"><p style=\"text-align: justify;\">Um Informationen \u00fcber unsere Dienstleistungen und Prozesse zu erhalten, senden Sie eine E-Mail an: <strong><a href=\"mailto:amministrazione@isisrl.company\" target=\"_blank\" rel=\"noopener noreferrer\">amministrazione@isisrl.company<\/a><\/strong> oder f\u00fcllen Sie das entsprechende Formular aus.<br \/>\nSie werden schnellstm\u00f6glich kontaktiert.<\/p>\n<\/div><\/div><div class=\"w-separator size_custom\" style=\"height:20px\"><\/div><div class=\"w-iconbox iconpos_left style_default color_primary align_left no_title\"><div class=\"w-iconbox-icon\" style=\"font-size:20px;\"><i class=\"fas fa-map-marker-alt\"><\/i><\/div><div class=\"w-iconbox-meta\"><div class=\"w-iconbox-text\"><p>Via Delfino Colombo, 32 \u2013 13044 Crescentino (VC)<\/p>\n<\/div><\/div><\/div><div class=\"w-iconbox iconpos_left style_default color_primary align_left no_title\"><div class=\"w-iconbox-icon\" style=\"font-size:20px;\"><i class=\"fas fa-phone\"><\/i><\/div><div class=\"w-iconbox-meta\"><div class=\"w-iconbox-text\"><p>Tel: <a href=\"tel:0161831016\" target=\"_blank\" rel=\"noopener noreferrer\">0161 831016<\/a><\/p>\n<\/div><\/div><\/div><div class=\"w-iconbox iconpos_left style_default color_primary align_left no_title\"><div class=\"w-iconbox-icon\" style=\"font-size:20px;\"><i class=\"fas fa-envelope\"><\/i><\/div><div class=\"w-iconbox-meta\"><div class=\"w-iconbox-text\"><p>E-mail: <a href=\"mailto:amministrazione@isisrl.company\" target=\"_blank\" rel=\"noopener noreferrer\">amministrazione@isisrl.company<\/a><\/p>\n<\/div><\/div><\/div><div class=\"w-iconbox iconpos_left style_default color_primary align_left no_title\"><div class=\"w-iconbox-icon\" style=\"font-size:20px;\"><i class=\"fas fa-euro-sign\"><\/i><\/div><div class=\"w-iconbox-meta\"><div class=\"w-iconbox-text\"><p>P.Iva: 11192630017<\/p>\n<\/div><\/div><\/div><div class=\"w-separator size_custom with_line width_default thick_1 style_solid color_primary align_center\" style=\"height:20px\"><div class=\"w-separator-h\"><\/div><\/div><div class=\"w-iconbox iconpos_left style_default color_primary align_left no_title\"><div class=\"w-iconbox-icon\" style=\"font-size:20px;\"><i class=\"fas fa-clock\"><\/i><\/div><div class=\"w-iconbox-meta\"><div class=\"w-iconbox-text\"><p>Ge\u00f6ffnet von Montag bis Freitag:<\/p>\n<p>Morgen 8.00 &#8211; 12.30<\/p>\n<p>Nachmittags 13:30 &#8211; 17:00 Uhr (mit letztem Wareneingang um 16:45 Uhr)<\/p>\n<p>Samstag und Sonntag: w\u00f6chentliche Schlie\u00dfung<\/p>\n<\/div><\/div><\/div><div class=\"w-separator size_small\"><\/div><\/div><\/div><\/div><\/div><\/div><\/div><\/div><\/div><\/div><\/section>\n","protected":false},"excerpt":{"rendered":"IMMER AN DEINER SEITE KONTAKTESpezialisten f\u00fcr Malerei f\u00fcr die Kosmetik- und Parf\u00fcmeriebrancheI.S.I. srl Um Informationen \u00fcber unsere Dienstleistungen und Prozesse zu erhalten, senden Sie eine E-Mail an: amministrazione@isisrl.company oder f\u00fcllen Sie das entsprechende Formular aus. Sie werden schnellstm\u00f6glich kontaktiert. Via Delfino Colombo, 32 \u2013 13044 Crescentino (VC) Tel: 0161 1735102 E-mail: amministrazione@isisrl.company P.Iva: 11192630017 Ge\u00f6ffnet...","protected":false},"author":4,"featured_media":0,"parent":0,"menu_order":0,"comment_status":"closed","ping_status":"closed","template":"","meta":{"_acf_changed":false,"footnotes":""},"class_list":["post-7497","page","type-page","status-publish","hentry"],"acf":[],"yoast_head":"<!-- This site is optimized with the Yoast SEO plugin v27.3 - https:\/\/yoast.com\/product\/yoast-seo-wordpress\/ -->\n<title>KONTAKT - ISI srl<\/title>\n<meta name=\"description\" content=\"ISI s.r.l. in Crescentino (VC) bietet Dienstleistungen wie Spr\u00fchlackierung oder -zeichnung, Hei\u00dfmarkierung und Tampondruck f\u00fcr die Personalisierung von Kugelschreibern, Bleistiften, Verpackungen f\u00fcr Kosmetik und Parf\u00fcmerie sowie Artikeln f\u00fcr den Automobilsektor an.\" \/>\n<meta name=\"robots\" content=\"index, follow, max-snippet:-1, max-image-preview:large, max-video-preview:-1\" \/>\n<link rel=\"canonical\" href=\"https:\/\/isisrl.company\/de\/kontakt\/\" \/>\n<meta property=\"og:locale\" content=\"de_DE\" \/>\n<meta property=\"og:type\" content=\"article\" \/>\n<meta property=\"og:title\" content=\"KONTAKT - ISI srl\" \/>\n<meta property=\"og:description\" content=\"ISI s.r.l. in Crescentino (VC) bietet Dienstleistungen wie Spr\u00fchlackierung oder -zeichnung, Hei\u00dfmarkierung und Tampondruck f\u00fcr die Personalisierung von Kugelschreibern, Bleistiften, Verpackungen f\u00fcr Kosmetik und Parf\u00fcmerie sowie Artikeln f\u00fcr den Automobilsektor an.\" \/>\n<meta property=\"og:url\" content=\"https:\/\/isisrl.company\/de\/kontakt\/\" \/>\n<meta property=\"og:site_name\" content=\"ISI srl\" \/>\n<meta property=\"article:modified_time\" content=\"2022-10-26T08:12:38+00:00\" \/>\n<meta name=\"twitter:card\" content=\"summary_large_image\" \/>\n<meta name=\"twitter:label1\" content=\"Gesch\u00e4tzte Lesezeit\" \/>\n\t<meta name=\"twitter:data1\" content=\"2\u00a0Minuten\" \/>\n<script type=\"application\/ld+json\" class=\"yoast-schema-graph\">{\"@context\":\"https:\\\/\\\/schema.org\",\"@graph\":[{\"@type\":\"WebPage\",\"@id\":\"https:\\\/\\\/isisrl.company\\\/de\\\/kontakt\\\/\",\"url\":\"https:\\\/\\\/isisrl.company\\\/de\\\/kontakt\\\/\",\"name\":\"KONTAKT - ISI srl\",\"isPartOf\":{\"@id\":\"https:\\\/\\\/isisrl.company\\\/#website\"},\"datePublished\":\"2022-03-02T15:29:20+00:00\",\"dateModified\":\"2022-10-26T08:12:38+00:00\",\"description\":\"ISI s.r.l. in Crescentino (VC) bietet Dienstleistungen wie Spr\u00fchlackierung oder -zeichnung, Hei\u00dfmarkierung und Tampondruck f\u00fcr die Personalisierung von Kugelschreibern, Bleistiften, Verpackungen f\u00fcr Kosmetik und Parf\u00fcmerie sowie Artikeln f\u00fcr den Automobilsektor an.\",\"breadcrumb\":{\"@id\":\"https:\\\/\\\/isisrl.company\\\/de\\\/kontakt\\\/#breadcrumb\"},\"inLanguage\":\"de\",\"potentialAction\":[{\"@type\":\"ReadAction\",\"target\":[\"https:\\\/\\\/isisrl.company\\\/de\\\/kontakt\\\/\"]}]},{\"@type\":\"BreadcrumbList\",\"@id\":\"https:\\\/\\\/isisrl.company\\\/de\\\/kontakt\\\/#breadcrumb\",\"itemListElement\":[{\"@type\":\"ListItem\",\"position\":1,\"name\":\"Home\",\"item\":\"https:\\\/\\\/isisrl.company\\\/\"},{\"@type\":\"ListItem\",\"position\":2,\"name\":\"KONTAKT\"}]},{\"@type\":\"WebSite\",\"@id\":\"https:\\\/\\\/isisrl.company\\\/#website\",\"url\":\"https:\\\/\\\/isisrl.company\\\/\",\"name\":\"ISI srl\",\"description\":\"International System Indistry\",\"potentialAction\":[{\"@type\":\"SearchAction\",\"target\":{\"@type\":\"EntryPoint\",\"urlTemplate\":\"https:\\\/\\\/isisrl.company\\\/?s={search_term_string}\"},\"query-input\":{\"@type\":\"PropertyValueSpecification\",\"valueRequired\":true,\"valueName\":\"search_term_string\"}}],\"inLanguage\":\"de\"}]}<\/script>\n<!-- \/ Yoast SEO plugin. -->","yoast_head_json":{"title":"KONTAKT - ISI srl","description":"ISI s.r.l. in Crescentino (VC) bietet Dienstleistungen wie Spr\u00fchlackierung oder -zeichnung, Hei\u00dfmarkierung und Tampondruck f\u00fcr die Personalisierung von Kugelschreibern, Bleistiften, Verpackungen f\u00fcr Kosmetik und Parf\u00fcmerie sowie Artikeln f\u00fcr den Automobilsektor an.","robots":{"index":"index","follow":"follow","max-snippet":"max-snippet:-1","max-image-preview":"max-image-preview:large","max-video-preview":"max-video-preview:-1"},"canonical":"https:\/\/isisrl.company\/de\/kontakt\/","og_locale":"de_DE","og_type":"article","og_title":"KONTAKT - ISI srl","og_description":"ISI s.r.l. in Crescentino (VC) bietet Dienstleistungen wie Spr\u00fchlackierung oder -zeichnung, Hei\u00dfmarkierung und Tampondruck f\u00fcr die Personalisierung von Kugelschreibern, Bleistiften, Verpackungen f\u00fcr Kosmetik und Parf\u00fcmerie sowie Artikeln f\u00fcr den Automobilsektor an.","og_url":"https:\/\/isisrl.company\/de\/kontakt\/","og_site_name":"ISI srl","article_modified_time":"2022-10-26T08:12:38+00:00","twitter_card":"summary_large_image","twitter_misc":{"Gesch\u00e4tzte Lesezeit":"2\u00a0Minuten"},"schema":{"@context":"https:\/\/schema.org","@graph":[{"@type":"WebPage","@id":"https:\/\/isisrl.company\/de\/kontakt\/","url":"https:\/\/isisrl.company\/de\/kontakt\/","name":"KONTAKT - ISI srl","isPartOf":{"@id":"https:\/\/isisrl.company\/#website"},"datePublished":"2022-03-02T15:29:20+00:00","dateModified":"2022-10-26T08:12:38+00:00","description":"ISI s.r.l. in Crescentino (VC) bietet Dienstleistungen wie Spr\u00fchlackierung oder -zeichnung, Hei\u00dfmarkierung und Tampondruck f\u00fcr die Personalisierung von Kugelschreibern, Bleistiften, Verpackungen f\u00fcr Kosmetik und Parf\u00fcmerie sowie Artikeln f\u00fcr den Automobilsektor an.","breadcrumb":{"@id":"https:\/\/isisrl.company\/de\/kontakt\/#breadcrumb"},"inLanguage":"de","potentialAction":[{"@type":"ReadAction","target":["https:\/\/isisrl.company\/de\/kontakt\/"]}]},{"@type":"BreadcrumbList","@id":"https:\/\/isisrl.company\/de\/kontakt\/#breadcrumb","itemListElement":[{"@type":"ListItem","position":1,"name":"Home","item":"https:\/\/isisrl.company\/"},{"@type":"ListItem","position":2,"name":"KONTAKT"}]},{"@type":"WebSite","@id":"https:\/\/isisrl.company\/#website","url":"https:\/\/isisrl.company\/","name":"ISI srl","description":"International System Indistry","potentialAction":[{"@type":"SearchAction","target":{"@type":"EntryPoint","urlTemplate":"https:\/\/isisrl.company\/?s={search_term_string}"},"query-input":{"@type":"PropertyValueSpecification","valueRequired":true,"valueName":"search_term_string"}}],"inLanguage":"de"}]}},"_links":{"self":[{"href":"https:\/\/isisrl.company\/de\/wp-json\/wp\/v2\/pages\/7497","targetHints":{"allow":["GET"]}}],"collection":[{"href":"https:\/\/isisrl.company\/de\/wp-json\/wp\/v2\/pages"}],"about":[{"href":"https:\/\/isisrl.company\/de\/wp-json\/wp\/v2\/types\/page"}],"author":[{"embeddable":true,"href":"https:\/\/isisrl.company\/de\/wp-json\/wp\/v2\/users\/4"}],"replies":[{"embeddable":true,"href":"https:\/\/isisrl.company\/de\/wp-json\/wp\/v2\/comments?post=7497"}],"version-history":[{"count":5,"href":"https:\/\/isisrl.company\/de\/wp-json\/wp\/v2\/pages\/7497\/revisions"}],"predecessor-version":[{"id":7640,"href":"https:\/\/isisrl.company\/de\/wp-json\/wp\/v2\/pages\/7497\/revisions\/7640"}],"wp:attachment":[{"href":"https:\/\/isisrl.company\/de\/wp-json\/wp\/v2\/media?parent=7497"}],"curies":[{"name":"wp","href":"https:\/\/api.w.org\/{rel}","templated":true}]}}