{"id":7528,"date":"2022-03-03T15:18:31","date_gmt":"2022-03-03T15:18:31","guid":{"rendered":"https:\/\/isisrl.company\/arbeitstechniken\/"},"modified":"2022-03-09T10:15:36","modified_gmt":"2022-03-09T10:15:36","slug":"arbeitstechniken","status":"publish","type":"page","link":"https:\/\/isisrl.company\/de\/arbeitstechniken\/","title":{"rendered":"ARBEITSTECHNIKEN"},"content":{"rendered":"<section class=\"l-section wpb_row hide_on_tablets hide_on_mobiles height_medium width_full color_primary with_img\"><div class=\"l-section-img\" role=\"img\" aria-label=\"ISI | International System Industry\" data-img-width=\"1110\" data-img-height=\"1109\" style=\"background-image: url(https:\/\/isisrl.company\/wp-content\/uploads\/2021\/10\/azienda.jpg);background-repeat: no-repeat;\"><\/div><div class=\"l-section-overlay\" style=\"background:rgba(0,0,0,0.45)\"><\/div><div class=\"l-section-h i-cf\"><div class=\"g-cols vc_row via_flex valign_top type_default stacking_default\"><div class=\"vc_col-sm-12 wpb_column vc_column_container\"><div class=\"vc_column-inner\"><div class=\"wpb_wrapper\"><div class=\"w-separator hide_on_tablets hide_on_mobiles size_custom\" style=\"height:100px\"><\/div><div class=\"wpb_text_column us_custom_9dbbdff4\"><div class=\"wpb_wrapper\"><h2 style=\"text-align: center;\"><strong>DIENSTLEISTUNGEN F\u00dcR LACKIERUNG UND DRUCK <\/strong><\/h2>\n<\/div><\/div><div class=\"w-separator hide_on_tablets hide_on_mobiles size_custom\" style=\"height:100px\"><\/div><\/div><\/div><\/div><\/div><\/div><\/section><section class=\"l-section wpb_row hide_on_default hide_on_laptops height_medium width_full color_primary with_img\" id=\"mob\"><div class=\"l-section-img\" role=\"img\" aria-label=\"ISI | International System Industry\" data-img-width=\"1110\" data-img-height=\"1109\" style=\"background-image: url(https:\/\/isisrl.company\/wp-content\/uploads\/2021\/10\/azienda.jpg);background-repeat: no-repeat;\"><\/div><div class=\"l-section-overlay\" style=\"background:rgba(0,0,0,0.45)\"><\/div><div class=\"l-section-h i-cf\"><div class=\"g-cols vc_row via_flex valign_top type_default stacking_default\"><div class=\"vc_col-sm-12 wpb_column vc_column_container\"><div class=\"vc_column-inner\"><div class=\"wpb_wrapper\"><div class=\"w-separator size_custom\" style=\"height:190px\"><\/div><div class=\"wpb_text_column us_custom_9dbbdff4\"><div class=\"wpb_wrapper\"><h2 style=\"text-align: center;\"><strong>DIENSTLEISTUNGEN F\u00dcR LACKIERUNG UND DRUCK <\/strong><\/h2>\n<\/div><\/div><div class=\"w-separator size_custom\" style=\"height:80px\"><\/div><\/div><\/div><\/div><\/div><\/div><\/section><section class=\"l-section wpb_row height_medium\"><div class=\"l-section-h i-cf\"><div class=\"g-cols vc_row via_flex valign_middle type_default stacking_default\"><div class=\"vc_col-sm-12 wpb_column vc_column_container\"><div class=\"vc_column-inner\"><div class=\"wpb_wrapper\"><div class=\"g-cols wpb_row via_flex valign_top type_default stacking_default\" id=\"spruzzo\"><div class=\"vc_col-sm-6 wpb_column vc_column_container\"><div class=\"vc_column-inner\"><div class=\"wpb_wrapper\"><h1 class=\"w-text us_custom_c39729dd has_text_color\"><span class=\"w-text-h\"><span class=\"w-text-value\">ARBEITSTECHNIKEN<\/span><\/span><\/h1><h2 class=\"w-text us_custom_07c0476c\"><span class=\"w-text-h\"><span class=\"w-text-value\">Bearbeitungsverfahren f\u00fcr alle Verpackungsanforderungen<\/span><\/span><\/h2><div class=\"w-separator us_custom_31b73226 size_small with_line width_default thick_2 style_solid color_secondary align_center with_content\"><div class=\"w-separator-h\"><i class=\"far fa-landmark\"><\/i><\/div><\/div><div class=\"wpb_text_column\"><div class=\"wpb_wrapper\"><p>Das moderne Werk der ISI s.r.l. ist in vier Produktionsabteilungen aufgeteilt. So k\u00f6nnen wir unseren Kunden aus sehr verschiedenen Branchen immer einen individuellen Ansatz f\u00fcr ihre Anforderungen bieten.<\/p>\n<\/div><\/div><div class=\"w-separator us_custom_31b73226 size_small\"><\/div><h3 class=\"w-text\"><span class=\"w-text-h\"><span class=\"w-text-value\">Abteilung f\u00fcr Spritzlackierung<\/span><\/span><\/h3><div class=\"wpb_text_column\"><div class=\"wpb_wrapper\"><p>Diese Abteilung verf\u00fcgt \u00fcber acht Maschinen f\u00fcr die automatisierte Lackierung, die mit zweireihigen Stiften zum Transport ausgestattet sind. Dieses System erlaubt es, unseren <strong>Kunden eine umweltfreundliche Lackierung<\/strong> auf <strong>Wasser<\/strong>&#8211; oder auf L\u00f6sungsmittelbasis anzubieten \u2013 mit Veredelungen, die besonders f\u00fcr die Verpackungen der Kosmetik- und Parf\u00fcmbranche geeignet sind. Die verf\u00fcgbare Farbpalette umfasst gl\u00e4nzende und matte Farbt\u00f6ne in mehr oder weniger reflektierenden Versionen, aber immer angenehm in der Haptik und resistent gegen Abnutzung.<\/p>\n<\/div><\/div><\/div><\/div><\/div><div class=\"vc_col-sm-6 wpb_column vc_column_container\"><div class=\"vc_column-inner\"><div class=\"wpb_wrapper\"><div class=\"w-image style_circle align_center\"><div class=\"w-image-h\"><img decoding=\"async\" width=\"1024\" height=\"1024\" src=\"https:\/\/isisrl.company\/wp-content\/uploads\/2022\/01\/servizi-1024x1024.jpg\" class=\"attachment-large size-large\" alt=\"ISI | International System Industry\" loading=\"lazy\" srcset=\"https:\/\/isisrl.company\/wp-content\/uploads\/2022\/01\/servizi.jpg 1024w, https:\/\/isisrl.company\/wp-content\/uploads\/2022\/01\/servizi-300x300.jpg 300w, https:\/\/isisrl.company\/wp-content\/uploads\/2022\/01\/servizi-150x150.jpg 150w, https:\/\/isisrl.company\/wp-content\/uploads\/2022\/01\/servizi-900x900.jpg 900w, https:\/\/isisrl.company\/wp-content\/uploads\/2022\/01\/servizi-400x400.jpg 400w\" sizes=\"auto, (max-width: 1024px) 100vw, 1024px\" \/><\/div><\/div><div class=\"w-separator us_custom_31b73226 size_custom\" style=\"height:10px\"><\/div><\/div><\/div><\/div><\/div><div class=\"wpb_text_column\"><div class=\"wpb_wrapper\"><p>Neben den klassischen Lackiertechniken realisiert ISI s.r.l. chromatische Effekte wie Farbverlauf mit Schattierungen nach Kundenwunsch und bietet die M\u00f6glichkeit, Soft-Touch-Lack zu w\u00e4hlen. Dieser ist dank besserer Griffigkeit und Schreibkomfort f\u00fcr das Finish von Stiften besonders geeignet.<\/p>\n<\/div><\/div><div class=\"w-separator us_custom_31b73226 size_small\"><\/div><div class=\"g-cols wpb_row via_flex valign_top type_default stacking_default\" id=\"trafila\"><div class=\"vc_col-sm-12 wpb_column vc_column_container\"><div class=\"vc_column-inner\"><div class=\"wpb_wrapper\"><h3 class=\"w-text us_custom_785e50b2\"><span class=\"w-text-h\"><span class=\"w-text-value\">Abteilung f\u00fcr Ziehlackierung<\/span><\/span><\/h3><div class=\"wpb_text_column\"><div class=\"wpb_wrapper\"><p style=\"text-align: left;\">Wenn Ihr Unternehmen einen zuverl\u00e4ssigen Partner f\u00fcr die <strong>Lackierung von Schreibger\u00e4ten<\/strong> oder Kunststofftuben f\u00fcr Kosmetikprodukte ben\u00f6tigt, sind Sie mit ISI s.r.l. gut beraten. Unser Unternehmen unterscheidet sich von der Konkurrenz nicht nur durch die Qualit\u00e4t der durchgef\u00fchrten Arbeiten, sondern auch durch seinen zu 100 Prozent kundenorientierten Ansatz: Wir arbeiten mit jedem unserer Kunden eng zusammen, um die richtige Farbkombination f\u00fcr die Kommunikationsbed\u00fcrfnisse der Marke zu finden.<\/p>\n<p style=\"text-align: left;\">F\u00fcr die Lackierung von zylindrischen Objekten aus Kunststoff, Metall oder Glas haben wir unser Unternehmen mit einer Abteilung ausgestattet, die vier Fertigungsstra\u00dfen f\u00fcr Ziehlackierung mit Maschinen der neuesten Generation umfasst. Diese garantieren dank des homogenen Farbauftrags auf genau definierte Fl\u00e4chen eine maximale \u00c4sthetik des Endproduktes.<\/p>\n<\/div><\/div><\/div><\/div><\/div><\/div><div class=\"w-separator us_custom_31b73226 size_small\"><\/div><\/div><\/div><\/div><\/div><\/div><\/section><section class=\"l-section wpb_row height_medium color_primary with_img parallax_ver parallaxdir_reversed\"><div class=\"l-section-img\" role=\"img\" aria-label=\"ISI | International System Industry\" data-img-width=\"1024\" data-img-height=\"683\" style=\"background-image: url(https:\/\/isisrl.company\/wp-content\/uploads\/2022\/01\/333.jpg);background-repeat: no-repeat;\"><\/div><div class=\"l-section-overlay\" style=\"background:rgba(0,0,0,0.47)\"><\/div><div class=\"l-section-h i-cf\"><div class=\"g-cols vc_row via_flex valign_top type_default stacking_default\"><div class=\"vc_col-sm-12 wpb_column vc_column_container\"><div class=\"vc_column-inner\"><div class=\"wpb_wrapper\"><div class=\"w-separator size_large\"><\/div><div class=\"wpb_text_column\"><div class=\"wpb_wrapper\"><h2 style=\"text-align: center;\"><strong>VERSCHIEDENE BEARBEITUNGSTECHNIKEN F\u00dcR JEDE ANFORDERUNG<\/strong><\/h2>\n<\/div><\/div><div class=\"w-separator size_large\"><\/div><\/div><\/div><\/div><\/div><\/div><\/section><section class=\"l-section wpb_row height_medium\"><div class=\"l-section-h i-cf\"><div class=\"g-cols vc_row via_flex valign_middle type_default stacking_default\"><div class=\"vc_col-sm-12 wpb_column vc_column_container\"><div class=\"vc_column-inner\"><div class=\"wpb_wrapper\"><div class=\"g-cols wpb_row via_flex valign_top type_default stacking_default\" id=\"inchiostro\"><div class=\"vc_col-sm-6 wpb_column vc_column_container\"><div class=\"vc_column-inner\"><div class=\"wpb_wrapper\"><h3 class=\"w-text us_custom_785e50b2\"><span class=\"w-text-h\"><span class=\"w-text-value\">Abteilung f\u00fcr Tintenpr\u00e4gung<\/span><\/span><\/h3><div class=\"wpb_text_column\"><div class=\"wpb_wrapper\"><p>In dieser Abteilung verf\u00fcgen wir \u00fcberautomatische <strong>Siebdruckmaschinenf\u00fcr<\/strong>eine oder zwei Farben mit mechanischer Positionssuche und der M\u00f6glichkeit der optischen Suche. So k\u00f6nnen unsere spezialisierten Techniker zylindrische Teile ohne Referenzen registergenau drucken.<\/p>\n<p>Wenn Pr\u00e4zision ma\u00dfgeblich ist und sehr kleine Oberfl\u00e4chen dekorieren werden m\u00fcssen, kommen unsere <strong>Tampondruckmaschinen<\/strong> zum Einsatz. Mit ihnen k\u00f6nnen wir automatisch auf mehreren Seiten zu arbeiten. Das bietet den zus\u00e4tzlichen Vorteil maximaler Geschwindigkeit und Drucktreue auch auf sehr unterschiedlichen Materialien Diese auch als <strong>Tampondruck<\/strong> oder <em>Pad Printing<\/em> bezeichnete Technik eignet sich bestens f\u00fcr kleinere Oberfl\u00e4chen wie die von Kugelschreibern, Bunt- und Bleistiften und anderen Schreibutensilien, die so zu personalisierten exklusiven Gadgets werden.<\/p>\n<p>Werk in Crescentino in der Provinz Vercelli entwickelt. Sie werden durch zwei Lasermaschinen f\u00fcr 360-Grad-Dekorationen erg\u00e4nzt. F\u00fcr weitere Informationen besuchen <a href=\"https:\/\/isisrl.company\/de\/kontakt\/\"><strong>F\u00fcr weitere<\/strong><\/a> Informationen besuchen Sie den Kontaktbereich unserer Website oder kontaktieren Sieuns unter <strong><a class=\"w-text-h\" href=\"tel:+3901611735102\" target=\"_blank\" rel=\"noopener\"><span class=\"w-text-value\">+39 0161 1735102<\/span><\/a>.<\/strong><\/p>\n<\/div><\/div><\/div><\/div><\/div><div class=\"vc_col-sm-6 wpb_column vc_column_container\"><div class=\"vc_column-inner\"><div class=\"wpb_wrapper\"><div class=\"w-image style_circle align_center\"><div class=\"w-image-h\"><img decoding=\"async\" width=\"1024\" height=\"1024\" src=\"https:\/\/isisrl.company\/wp-content\/uploads\/2022\/01\/123-1024x1024.jpg\" class=\"attachment-large size-large\" alt=\"ISI | International System Industry\" loading=\"lazy\" srcset=\"https:\/\/isisrl.company\/wp-content\/uploads\/2022\/01\/123.jpg 1024w, https:\/\/isisrl.company\/wp-content\/uploads\/2022\/01\/123-300x300.jpg 300w, https:\/\/isisrl.company\/wp-content\/uploads\/2022\/01\/123-150x150.jpg 150w, https:\/\/isisrl.company\/wp-content\/uploads\/2022\/01\/123-900x900.jpg 900w, https:\/\/isisrl.company\/wp-content\/uploads\/2022\/01\/123-400x400.jpg 400w\" sizes=\"auto, (max-width: 1024px) 100vw, 1024px\" \/><\/div><\/div><\/div><\/div><\/div><\/div><div class=\"w-separator us_custom_31b73226 size_small\"><\/div><div class=\"g-cols wpb_row via_flex valign_top type_default stacking_default\" id=\"stamping\"><div class=\"vc_col-sm-12 wpb_column vc_column_container\"><div class=\"vc_column-inner\"><div class=\"wpb_wrapper\"><h3 class=\"w-text us_custom_785e50b2\"><span class=\"w-text-h\"><span class=\"w-text-value\">Abteilung f\u00fcr Hei\u00dfpr\u00e4gung<\/span><\/span><\/h3><div class=\"wpb_text_column\"><div class=\"wpb_wrapper\"><p style=\"text-align: left;\">Die Hei\u00dfpr\u00e4gemarkierung erlaubt die individuelle Gestaltung von Objekten mit <b>Dekorationen wie Logos oder Designs in Metallic-Lacken<\/b>, die wegen ihres strahlenden Glanzes sehr gesch\u00e4tzt werden Der Vorteil dieser Drucktechnik liegt vor allem in der <strong>Anpassungsf\u00e4higkeit der Technik an unterschiedliche Materialien (Metall, Kunststoff und sogar Glas), wobei der<\/strong>metallische Lackfilm ohne <b><strong>Risiko von Besch\u00e4digung auch auf bereits lackierte Gegenst\u00e4nde aufgebracht werden kann.<\/strong><\/b><\/p>\n<p style=\"text-align: left;\">Au\u00dferdem <b>kann das Hei\u00dfpr\u00e4gen<\/b> nicht nur auf ebenen Fl\u00e4chen, sondern auch auf elliptischen und zylindrischen Oberfl\u00e4chen angewandt werden, solange das zu reproduzierende Motiv nicht zu klein ist (in diesem Fall ist der Tampondruck die bessere L\u00f6sung) In unserer Hei\u00dfpr\u00e4geabteilung verf\u00fcgen wir \u00fcber f\u00fcnf zu 100 Prozent automatisierte Maschinen, die perfekt f\u00fcr den 360-Grad-Runddruck geeignet sind, sowie drei \u201eklassische\u201c Maschinen f\u00fcr den Flachbettdruck.<\/p>\n<p style=\"text-align: left;\">Zu den Anwendungsbereichen, bei denen das Hei\u00dfpr\u00e4gen besonders vorteilhaft ist, geh\u00f6rt die Verarbeitung von Produkten f\u00fcr die Parf\u00fcmerie- und Kosmetikindustrie. Hier m\u00fcssen Verpackungen besonders elegant sein und die Raffinesse des Produktes widerspiegeln.<\/p>\n<\/div><\/div><\/div><\/div><\/div><\/div><\/div><\/div><\/div><\/div><\/div><\/section>\n","protected":false},"excerpt":{"rendered":"DIENSTLEISTUNGEN F\u00dcR LACKIERUNG UND DRUCK DIENSTLEISTUNGEN F\u00dcR LACKIERUNG UND DRUCK ARBEITSTECHNIKENBearbeitungsverfahren f\u00fcr alle VerpackungsanforderungenDas moderne Werk der ISI s.r.l. ist in vier Produktionsabteilungen aufgeteilt. So k\u00f6nnen wir unseren Kunden aus sehr verschiedenen Branchen immer einen individuellen Ansatz f\u00fcr ihre Anforderungen bieten. Abteilung f\u00fcr SpritzlackierungDiese Abteilung verf\u00fcgt \u00fcber acht Maschinen f\u00fcr die automatisierte Lackierung, die mit...","protected":false},"author":4,"featured_media":0,"parent":0,"menu_order":0,"comment_status":"closed","ping_status":"closed","template":"","meta":{"_acf_changed":false,"footnotes":""},"class_list":["post-7528","page","type-page","status-publish","hentry"],"acf":[],"yoast_head":"<!-- This site is optimized with the Yoast SEO plugin v27.3 - https:\/\/yoast.com\/product\/yoast-seo-wordpress\/ -->\n<title>ARBEITSTECHNIKEN - ISI srl<\/title>\n<meta name=\"description\" content=\"Description: Bei der ISI s.r.l. in Crescentino (VC) sind wir mit Maschinen f\u00fcr die Verarbeitung wie Spr\u00fch- oder Zeichenlackierung, Hei\u00dfmarkierung und Tampondruck f\u00fcr die Personalisierung von Kugelschreibern, Bleistiften, Verpackungen f\u00fcr Kosmetik und Parf\u00fcmerie und Teilen f\u00fcr den Automobilsektor ausgestattet.\" \/>\n<meta name=\"robots\" content=\"index, follow, max-snippet:-1, max-image-preview:large, max-video-preview:-1\" \/>\n<link rel=\"canonical\" href=\"https:\/\/isisrl.company\/de\/arbeitstechniken\/\" \/>\n<meta property=\"og:locale\" content=\"de_DE\" \/>\n<meta property=\"og:type\" content=\"article\" \/>\n<meta property=\"og:title\" content=\"ARBEITSTECHNIKEN - ISI srl\" \/>\n<meta property=\"og:description\" content=\"Description: Bei der ISI s.r.l. in Crescentino (VC) sind wir mit Maschinen f\u00fcr die Verarbeitung wie Spr\u00fch- oder Zeichenlackierung, Hei\u00dfmarkierung und Tampondruck f\u00fcr die Personalisierung von Kugelschreibern, Bleistiften, Verpackungen f\u00fcr Kosmetik und Parf\u00fcmerie und Teilen f\u00fcr den Automobilsektor ausgestattet.\" \/>\n<meta property=\"og:url\" content=\"https:\/\/isisrl.company\/de\/arbeitstechniken\/\" \/>\n<meta property=\"og:site_name\" content=\"ISI srl\" \/>\n<meta property=\"article:modified_time\" content=\"2022-03-09T10:15:36+00:00\" \/>\n<meta name=\"twitter:card\" content=\"summary_large_image\" \/>\n<meta name=\"twitter:label1\" content=\"Gesch\u00e4tzte Lesezeit\" \/>\n\t<meta name=\"twitter:data1\" content=\"4\u00a0Minuten\" \/>\n<script type=\"application\/ld+json\" class=\"yoast-schema-graph\">{\"@context\":\"https:\\\/\\\/schema.org\",\"@graph\":[{\"@type\":\"WebPage\",\"@id\":\"https:\\\/\\\/isisrl.company\\\/de\\\/arbeitstechniken\\\/\",\"url\":\"https:\\\/\\\/isisrl.company\\\/de\\\/arbeitstechniken\\\/\",\"name\":\"ARBEITSTECHNIKEN - ISI srl\",\"isPartOf\":{\"@id\":\"https:\\\/\\\/isisrl.company\\\/#website\"},\"datePublished\":\"2022-03-03T15:18:31+00:00\",\"dateModified\":\"2022-03-09T10:15:36+00:00\",\"description\":\"Description: Bei der ISI s.r.l. in Crescentino (VC) sind wir mit Maschinen f\u00fcr die Verarbeitung wie Spr\u00fch- oder Zeichenlackierung, Hei\u00dfmarkierung und Tampondruck f\u00fcr die Personalisierung von Kugelschreibern, Bleistiften, Verpackungen f\u00fcr Kosmetik und Parf\u00fcmerie und Teilen f\u00fcr den Automobilsektor ausgestattet.\",\"breadcrumb\":{\"@id\":\"https:\\\/\\\/isisrl.company\\\/de\\\/arbeitstechniken\\\/#breadcrumb\"},\"inLanguage\":\"de\",\"potentialAction\":[{\"@type\":\"ReadAction\",\"target\":[\"https:\\\/\\\/isisrl.company\\\/de\\\/arbeitstechniken\\\/\"]}]},{\"@type\":\"BreadcrumbList\",\"@id\":\"https:\\\/\\\/isisrl.company\\\/de\\\/arbeitstechniken\\\/#breadcrumb\",\"itemListElement\":[{\"@type\":\"ListItem\",\"position\":1,\"name\":\"Home\",\"item\":\"https:\\\/\\\/isisrl.company\\\/\"},{\"@type\":\"ListItem\",\"position\":2,\"name\":\"ARBEITSTECHNIKEN\"}]},{\"@type\":\"WebSite\",\"@id\":\"https:\\\/\\\/isisrl.company\\\/#website\",\"url\":\"https:\\\/\\\/isisrl.company\\\/\",\"name\":\"ISI srl\",\"description\":\"International System Indistry\",\"potentialAction\":[{\"@type\":\"SearchAction\",\"target\":{\"@type\":\"EntryPoint\",\"urlTemplate\":\"https:\\\/\\\/isisrl.company\\\/?s={search_term_string}\"},\"query-input\":{\"@type\":\"PropertyValueSpecification\",\"valueRequired\":true,\"valueName\":\"search_term_string\"}}],\"inLanguage\":\"de\"}]}<\/script>\n<!-- \/ Yoast SEO plugin. -->","yoast_head_json":{"title":"ARBEITSTECHNIKEN - ISI srl","description":"Description: Bei der ISI s.r.l. in Crescentino (VC) sind wir mit Maschinen f\u00fcr die Verarbeitung wie Spr\u00fch- oder Zeichenlackierung, Hei\u00dfmarkierung und Tampondruck f\u00fcr die Personalisierung von Kugelschreibern, Bleistiften, Verpackungen f\u00fcr Kosmetik und Parf\u00fcmerie und Teilen f\u00fcr den Automobilsektor ausgestattet.","robots":{"index":"index","follow":"follow","max-snippet":"max-snippet:-1","max-image-preview":"max-image-preview:large","max-video-preview":"max-video-preview:-1"},"canonical":"https:\/\/isisrl.company\/de\/arbeitstechniken\/","og_locale":"de_DE","og_type":"article","og_title":"ARBEITSTECHNIKEN - ISI srl","og_description":"Description: Bei der ISI s.r.l. in Crescentino (VC) sind wir mit Maschinen f\u00fcr die Verarbeitung wie Spr\u00fch- oder Zeichenlackierung, Hei\u00dfmarkierung und Tampondruck f\u00fcr die Personalisierung von Kugelschreibern, Bleistiften, Verpackungen f\u00fcr Kosmetik und Parf\u00fcmerie und Teilen f\u00fcr den Automobilsektor ausgestattet.","og_url":"https:\/\/isisrl.company\/de\/arbeitstechniken\/","og_site_name":"ISI srl","article_modified_time":"2022-03-09T10:15:36+00:00","twitter_card":"summary_large_image","twitter_misc":{"Gesch\u00e4tzte Lesezeit":"4\u00a0Minuten"},"schema":{"@context":"https:\/\/schema.org","@graph":[{"@type":"WebPage","@id":"https:\/\/isisrl.company\/de\/arbeitstechniken\/","url":"https:\/\/isisrl.company\/de\/arbeitstechniken\/","name":"ARBEITSTECHNIKEN - ISI srl","isPartOf":{"@id":"https:\/\/isisrl.company\/#website"},"datePublished":"2022-03-03T15:18:31+00:00","dateModified":"2022-03-09T10:15:36+00:00","description":"Description: Bei der ISI s.r.l. in Crescentino (VC) sind wir mit Maschinen f\u00fcr die Verarbeitung wie Spr\u00fch- oder Zeichenlackierung, Hei\u00dfmarkierung und Tampondruck f\u00fcr die Personalisierung von Kugelschreibern, Bleistiften, Verpackungen f\u00fcr Kosmetik und Parf\u00fcmerie und Teilen f\u00fcr den Automobilsektor ausgestattet.","breadcrumb":{"@id":"https:\/\/isisrl.company\/de\/arbeitstechniken\/#breadcrumb"},"inLanguage":"de","potentialAction":[{"@type":"ReadAction","target":["https:\/\/isisrl.company\/de\/arbeitstechniken\/"]}]},{"@type":"BreadcrumbList","@id":"https:\/\/isisrl.company\/de\/arbeitstechniken\/#breadcrumb","itemListElement":[{"@type":"ListItem","position":1,"name":"Home","item":"https:\/\/isisrl.company\/"},{"@type":"ListItem","position":2,"name":"ARBEITSTECHNIKEN"}]},{"@type":"WebSite","@id":"https:\/\/isisrl.company\/#website","url":"https:\/\/isisrl.company\/","name":"ISI srl","description":"International System Indistry","potentialAction":[{"@type":"SearchAction","target":{"@type":"EntryPoint","urlTemplate":"https:\/\/isisrl.company\/?s={search_term_string}"},"query-input":{"@type":"PropertyValueSpecification","valueRequired":true,"valueName":"search_term_string"}}],"inLanguage":"de"}]}},"_links":{"self":[{"href":"https:\/\/isisrl.company\/de\/wp-json\/wp\/v2\/pages\/7528","targetHints":{"allow":["GET"]}}],"collection":[{"href":"https:\/\/isisrl.company\/de\/wp-json\/wp\/v2\/pages"}],"about":[{"href":"https:\/\/isisrl.company\/de\/wp-json\/wp\/v2\/types\/page"}],"author":[{"embeddable":true,"href":"https:\/\/isisrl.company\/de\/wp-json\/wp\/v2\/users\/4"}],"replies":[{"embeddable":true,"href":"https:\/\/isisrl.company\/de\/wp-json\/wp\/v2\/comments?post=7528"}],"version-history":[{"count":4,"href":"https:\/\/isisrl.company\/de\/wp-json\/wp\/v2\/pages\/7528\/revisions"}],"predecessor-version":[{"id":7628,"href":"https:\/\/isisrl.company\/de\/wp-json\/wp\/v2\/pages\/7528\/revisions\/7628"}],"wp:attachment":[{"href":"https:\/\/isisrl.company\/de\/wp-json\/wp\/v2\/media?parent=7528"}],"curies":[{"name":"wp","href":"https:\/\/api.w.org\/{rel}","templated":true}]}}