{"id":7532,"date":"2022-03-03T16:14:36","date_gmt":"2022-03-03T16:14:36","guid":{"rendered":"https:\/\/isisrl.company\/services\/"},"modified":"2022-03-09T10:20:07","modified_gmt":"2022-03-09T10:20:07","slug":"services","status":"publish","type":"page","link":"https:\/\/isisrl.company\/de\/services\/","title":{"rendered":"SERVICES"},"content":{"rendered":"<section class=\"l-section wpb_row hide_on_tablets hide_on_mobiles height_medium width_full color_primary with_img\"><div class=\"l-section-img\" role=\"img\" aria-label=\"ISI | International System Industry\" data-img-width=\"1920\" data-img-height=\"1282\" style=\"background-image: url(https:\/\/isisrl.company\/wp-content\/uploads\/2022\/01\/DSC_6704-1.jpg);background-repeat: no-repeat;\"><\/div><div class=\"l-section-overlay\" style=\"background:rgba(0,0,0,0.45)\"><\/div><div class=\"l-section-h i-cf\"><div class=\"g-cols vc_row via_flex valign_top type_default stacking_default\"><div class=\"vc_col-sm-12 wpb_column vc_column_container\"><div class=\"vc_column-inner\"><div class=\"wpb_wrapper\"><div class=\"w-separator size_custom\" style=\"height:100px\"><\/div><div class=\"wpb_text_column us_custom_9dbbdff4\"><div class=\"wpb_wrapper\"><h2 style=\"text-align: center;\"><strong>DIENSTLEISTUNGEN F\u00dcR LACKIERUNG UND DRUCK <\/strong><\/h2>\n<\/div><\/div><div class=\"w-separator size_custom\" style=\"height:100px\"><\/div><\/div><\/div><\/div><\/div><\/div><\/section><section class=\"l-section wpb_row hide_on_default hide_on_laptops height_medium width_full color_primary with_img\" id=\"mob\"><div class=\"l-section-img\" role=\"img\" aria-label=\"ISI | International System Industry\" data-img-width=\"1920\" data-img-height=\"1282\" style=\"background-image: url(https:\/\/isisrl.company\/wp-content\/uploads\/2022\/01\/DSC_6704-1.jpg);background-repeat: no-repeat;\"><\/div><div class=\"l-section-overlay\" style=\"background:rgba(0,0,0,0.45)\"><\/div><div class=\"l-section-h i-cf\"><div class=\"g-cols vc_row via_flex valign_top type_default stacking_default\"><div class=\"vc_col-sm-12 wpb_column vc_column_container\"><div class=\"vc_column-inner\"><div class=\"wpb_wrapper\"><div class=\"w-separator size_custom\" style=\"height:170px\"><\/div><div class=\"wpb_text_column us_custom_9dbbdff4\"><div class=\"wpb_wrapper\"><h2 style=\"text-align: center;\"><strong>DIENSTLEISTUNGEN F\u00dcR LACKIERUNG UND DRUCK <\/strong><\/h2>\n<\/div><\/div><div class=\"w-separator size_custom\" style=\"height:60px\"><\/div><\/div><\/div><\/div><\/div><\/div><\/section><section class=\"l-section wpb_row hide_on_tablets hide_on_mobiles height_medium\"><div class=\"l-section-h i-cf\"><div class=\"g-cols vc_row via_flex valign_middle type_default stacking_default\"><div class=\"vc_col-sm-12 wpb_column vc_column_container\"><div class=\"vc_column-inner\"><div class=\"wpb_wrapper\"><div class=\"g-cols wpb_row via_flex valign_top type_default stacking_default\"><div class=\"vc_col-sm-6 wpb_column vc_column_container\"><div class=\"vc_column-inner\"><div class=\"wpb_wrapper\"><h1 class=\"w-text us_custom_c39729dd has_text_color\"><span class=\"w-text-h\"><span class=\"w-text-value\">SERVICES<\/span><\/span><\/h1><h2 class=\"w-text us_custom_07c0476c\"><span class=\"w-text-h\"><span class=\"w-text-value\">Lackierung und Dekoration:<br \/>\ndie Services von ISI s.r.l.<\/span><\/span><\/h2><div class=\"w-separator us_custom_31b73226 size_small with_line width_default thick_2 style_solid color_secondary align_center with_content\"><div class=\"w-separator-h\"><i class=\"far fa-landmark\"><\/i><\/div><\/div><div class=\"wpb_text_column\"><div class=\"wpb_wrapper\"><p>Jedes Unternehmen ist auf der Suche nach sch\u00f6nen, eleganten Verpackungen, die die Essenz seiner Marke auf dem Markt repr\u00e4sentieren. Dies gilt ganz besonders f\u00fcr <strong>Parf\u00fcm<\/strong>&#8211; und <strong>Kosmetikprodukte<\/strong>, die durch exklusive und ma\u00dfgeschneiderte Farben und Dekors ins Auge fallen m\u00fcssen.<\/p>\n<p>Im Gegensatz zu anderen Unternehmen in der Region beschr\u00e4nkt sich die Arbeit von ISI s.r.l. nicht einfach auf das Lackieren einzelner Teile, sondern beginnt mit einem <strong>ma\u00dfgeschneiderten Beratungsservice<\/strong>. Dieser macht uns zu echten Partnern unserer Kunden, die wir bei der Wahl von Farben, die genauestens auf Material und Typ des <em>die genauestens<\/em> auf Material und Typ des Ausgangsproduktes abgestimmt sind, unterst\u00fctzen.<\/p>\n<\/div><\/div><div class=\"wpb_text_column\"><div class=\"wpb_wrapper\"><p>In unserem Werks in Crescentino verf\u00fcgen wir \u00fcber ein Lackiersystem f\u00fcr Verpackungen, das in verschiedene Abteilungen unterteilt ist, um immer das erforderliche Finish zu gew\u00e4hrleisten.<\/p>\n<\/div><\/div><div class=\"w-separator size_custom\" style=\"height:25px\"><\/div><\/div><\/div><\/div><div class=\"vc_col-sm-6 wpb_column vc_column_container\"><div class=\"vc_column-inner\"><div class=\"wpb_wrapper\"><div class=\"w-separator us_custom_31b73226 size_custom\" style=\"height:40px\"><\/div><div class=\"w-image align_center\"><div class=\"w-image-h\"><img decoding=\"async\" width=\"1024\" height=\"1024\" src=\"https:\/\/isisrl.company\/wp-content\/uploads\/2022\/01\/21211-1024x1024.jpg\" class=\"attachment-large size-large\" alt=\"ISI | International System Industry\" loading=\"lazy\" srcset=\"https:\/\/isisrl.company\/wp-content\/uploads\/2022\/01\/21211.jpg 1024w, https:\/\/isisrl.company\/wp-content\/uploads\/2022\/01\/21211-300x300.jpg 300w, https:\/\/isisrl.company\/wp-content\/uploads\/2022\/01\/21211-150x150.jpg 150w, https:\/\/isisrl.company\/wp-content\/uploads\/2022\/01\/21211-900x900.jpg 900w, https:\/\/isisrl.company\/wp-content\/uploads\/2022\/01\/21211-400x400.jpg 400w\" sizes=\"auto, (max-width: 1024px) 100vw, 1024px\" \/><\/div><\/div><\/div><\/div><\/div><\/div><div class=\"wpb_text_column\"><div class=\"wpb_wrapper\"><p>So f\u00fchren wir f\u00fcr Sie zum Beispiel Spritzlackierungen nicht nur in gl\u00e4nzenden und matten Farben durch, sondern auch mit sehr ausgefallenen, immer h\u00e4ufiger nachgefragten Effekten f\u00fcr die Parf\u00fcmeriebranche <strong>Hierzu<\/strong>geh\u00f6rt der Farbverlauf, der sich dank der perfekt homogenen Verarbeitung auch auf kleinsten St\u00fccke bew\u00e4hrt.<\/p>\n<p><strong>ISI s.r.l.<\/strong> gew\u00e4hrleistet die Qualit\u00e4tskontrolle der verarbeiteten St\u00fccke w\u00e4hrend des gesamten Produktionszyklus der Lackierung von zylindrischen Objekten aus Kunststoff, Metall oder Glas, auch f\u00fcr die Automobil- und und Schreibenwarenbranche. <strong>Kugelschreiber<\/strong>und <strong>Bunt- sowie Bleistifte<\/strong> werden in der Abteilung f\u00fcr Ziehlackierung nach den Anforderungen unserer Kunden personalisiert. <strong>Soft-Touch-Technik<\/strong>, die wegen der angenehm weichen Haptik und Griffigkeit immer \u00f6fter nachgefragt wird.<\/p>\n<p>Ein weiterer, besonders gesch\u00e4tzter Service betrifft die Personalisierung von Flacons und Verpackungen mittels Dekorationen, Designs und Logos, die mittels Hei\u00dfpr\u00e4gung aufgebracht werden. Bei diesem Verfahren wird eine d\u00fcnne Metallfolie (farbig, gl\u00e4nzend oder matt) auf Tr\u00e4germaterial aufgebracht, das auch komplexe Formen haben kann. So bieten wir die Hei\u00dfpr\u00e4gemarkierung nicht nur f\u00fcr flaches Tr\u00e4germaterial an, sondern auch f\u00fcr den 360-Grad-Rundumdruck.<\/p>\n<p>Diese Art des Hei\u00dfpr\u00e4gens ist besonders effektiv f\u00fcr die <strong>Personalisierung von Kosmetikverpackungen<\/strong> und die Entwicklung der Drucksysteme f\u00fcr Sieb- und Tampondruck innerhalb von ISI s.r.l. garantiert dem Kunden ein hervorragendes Preis-Leistungs-Verh\u00e4ltnis bei gleichzeitig kurzen Lieferzeiten. F\u00fcr Situationen, in denen kleinformatige Fl\u00e4chen bedruckt werden m\u00fcssen, verf\u00fcgen wir \u00fcber <strong>Tampondruckmaschinen, die bis zu f\u00fcnf Farben drucken k\u00f6nnen und eine hohe Drucktreue auf Kugelschreibern und Stiften sowie bei der Dekoration von Flacons und Verschl\u00fcssen von Parf\u00fcm- und Kosmetikprodukten erreichen.<\/strong><\/p>\n<\/div><\/div><\/div><\/div><\/div><\/div><\/div><\/section><section class=\"l-section wpb_row hide_on_default hide_on_laptops height_medium\" id=\"mob\"><div class=\"l-section-h i-cf\"><div class=\"g-cols vc_row via_flex valign_middle type_default stacking_default\"><div class=\"vc_col-sm-12 wpb_column vc_column_container\"><div class=\"vc_column-inner\"><div class=\"wpb_wrapper\"><div class=\"g-cols wpb_row via_flex valign_top type_default stacking_default\"><div class=\"vc_col-sm-12 wpb_column vc_column_container\"><div class=\"vc_column-inner\"><div class=\"wpb_wrapper\"><h2 class=\"w-text us_custom_c39729dd has_text_color\"><span class=\"w-text-h\"><span class=\"w-text-value\">SERVICES<\/span><\/span><\/h2><h2 class=\"w-text us_custom_07c0476c\"><span class=\"w-text-h\"><span class=\"w-text-value\">Lackierung und Dekoration:<br \/>\ndie Services von ISI s.r.l.<\/span><\/span><\/h2><div class=\"w-separator us_custom_31b73226 size_small with_line width_default thick_2 style_solid color_secondary align_center with_content\"><div class=\"w-separator-h\"><i class=\"far fa-landmark\"><\/i><\/div><\/div><div class=\"wpb_text_column\"><div class=\"wpb_wrapper\"><p>Jedes Unternehmen ist auf der Suche nach sch\u00f6nen, eleganten Verpackungen, die die Essenz seiner Marke auf dem Markt repr\u00e4sentieren. Dies gilt ganz besonders f\u00fcr <strong>Parf\u00fcm<\/strong>&#8211; und <strong>Kosmetikprodukte<\/strong>, die durch exklusive und ma\u00dfgeschneiderte Farben und Dekors ins Auge fallen m\u00fcssen.<\/p>\n<p>Im Gegensatz zu anderen Unternehmen in der Region beschr\u00e4nkt sich die Arbeit von ISI s.r.l. nicht einfach auf das Lackieren einzelner Teile, sondern beginnt mit einem <strong>ma\u00dfgeschneiderten Beratungsservice<\/strong>. Dieser macht uns zu echten Partnern unserer Kunden, die wir bei der Wahl von Farben, die genauestens auf Material und Typ des <em>die genauestens<\/em> auf Material und Typ des Ausgangsproduktes abgestimmt sind, unterst\u00fctzen.<\/p>\n<\/div><\/div><div class=\"wpb_text_column\"><div class=\"wpb_wrapper\"><p>In unserem Werks in Crescentino verf\u00fcgen wir \u00fcber ein Lackiersystem f\u00fcr Verpackungen, das in verschiedene Abteilungen unterteilt ist, um immer das erforderliche Finish zu gew\u00e4hrleisten.<\/p>\n<\/div><\/div><div class=\"w-image align_center\"><div class=\"w-image-h\"><img decoding=\"async\" width=\"1024\" height=\"1024\" src=\"https:\/\/isisrl.company\/wp-content\/uploads\/2022\/01\/21211-1024x1024.jpg\" class=\"attachment-large size-large\" alt=\"ISI | International System Industry\" loading=\"lazy\" srcset=\"https:\/\/isisrl.company\/wp-content\/uploads\/2022\/01\/21211.jpg 1024w, https:\/\/isisrl.company\/wp-content\/uploads\/2022\/01\/21211-300x300.jpg 300w, https:\/\/isisrl.company\/wp-content\/uploads\/2022\/01\/21211-150x150.jpg 150w, https:\/\/isisrl.company\/wp-content\/uploads\/2022\/01\/21211-900x900.jpg 900w, https:\/\/isisrl.company\/wp-content\/uploads\/2022\/01\/21211-400x400.jpg 400w\" sizes=\"auto, (max-width: 1024px) 100vw, 1024px\" \/><\/div><\/div><\/div><\/div><\/div><\/div><div class=\"wpb_text_column\"><div class=\"wpb_wrapper\"><p>So f\u00fchren wir f\u00fcr Sie zum Beispiel Spritzlackierungen nicht nur in gl\u00e4nzenden und matten Farben durch, sondern auch mit sehr ausgefallenen, immer h\u00e4ufiger nachgefragten Effekten f\u00fcr die Parf\u00fcmeriebranche <strong>Hierzu<\/strong>geh\u00f6rt der Farbverlauf, der sich dank der perfekt homogenen Verarbeitung auch auf kleinsten St\u00fccke bew\u00e4hrt.<\/p>\n<p><strong>ISI s.r.l.<\/strong> gew\u00e4hrleistet die Qualit\u00e4tskontrolle der verarbeiteten St\u00fccke w\u00e4hrend des gesamten Produktionszyklus der Lackierung von zylindrischen Objekten aus Kunststoff, Metall oder Glas, auch f\u00fcr die Automobil- und und Schreibenwarenbranche. <strong>Kugelschreiber<\/strong>und <strong>Bunt- sowie Bleistifte<\/strong> werden in der Abteilung f\u00fcr Ziehlackierung nach den Anforderungen unserer Kunden personalisiert. <strong>Soft-Touch-Technik<\/strong>, die wegen der angenehm weichen Haptik und Griffigkeit immer \u00f6fter nachgefragt wird.<\/p>\n<p>Ein weiterer, besonders gesch\u00e4tzter Service betrifft die Personalisierung von Flacons und Verpackungen mittels Dekorationen, Designs und Logos, die mittels Hei\u00dfpr\u00e4gung aufgebracht werden. Bei diesem Verfahren wird eine d\u00fcnne Metallfolie (farbig, gl\u00e4nzend oder matt) auf Tr\u00e4germaterial aufgebracht, das auch komplexe Formen haben kann. So bieten wir die Hei\u00dfpr\u00e4gemarkierung nicht nur f\u00fcr flaches Tr\u00e4germaterial an, sondern auch f\u00fcr den 360-Grad-Rundumdruck.<\/p>\n<p>Diese Art des Hei\u00dfpr\u00e4gens ist besonders effektiv f\u00fcr die <strong>Personalisierung von Kosmetikverpackungen<\/strong> und die Entwicklung der Drucksysteme f\u00fcr Sieb- und Tampondruck innerhalb von ISI s.r.l. garantiert dem Kunden ein hervorragendes Preis-Leistungs-Verh\u00e4ltnis bei gleichzeitig kurzen Lieferzeiten. F\u00fcr Situationen, in denen kleinformatige Fl\u00e4chen bedruckt werden m\u00fcssen, verf\u00fcgen wir \u00fcber <strong>Tampondruckmaschinen, die bis zu f\u00fcnf Farben drucken k\u00f6nnen und eine hohe Drucktreue auf Kugelschreibern und Stiften sowie bei der Dekoration von Flacons und Verschl\u00fcssen von Parf\u00fcm- und Kosmetikprodukten erreichen.<\/strong><\/p>\n<\/div><\/div><\/div><\/div><\/div><\/div><\/div><\/section><section class=\"l-section wpb_row height_medium color_primary with_img parallax_ver parallaxdir_reversed\"><div class=\"l-section-img\" role=\"img\" aria-label=\"ISI | International System Industry\" data-img-width=\"1920\" data-img-height=\"1282\" style=\"background-image: url(https:\/\/isisrl.company\/wp-content\/uploads\/2022\/01\/DSC_6707-1.jpg);background-repeat: no-repeat;\"><\/div><div class=\"l-section-overlay\" style=\"background:rgba(0,0,0,0.47)\"><\/div><div class=\"l-section-h i-cf\"><div class=\"g-cols vc_row via_flex valign_top type_default stacking_default\"><div class=\"vc_col-sm-12 wpb_column vc_column_container\"><div class=\"vc_column-inner\"><div class=\"wpb_wrapper\"><div class=\"w-separator size_large\"><\/div><div class=\"wpb_text_column\"><div class=\"wpb_wrapper\"><h2 style=\"text-align: center;\"><strong>SPEZIALISTEN F\u00dcR DIE LACKIERUNG VON PRODUKTEN IN DER KOSMETIKBRANCHE UND F\u00dcR FEINSTE DETAILS<br \/>\n<\/strong><\/h2>\n<\/div><\/div><div class=\"w-separator size_large\"><\/div><\/div><\/div><\/div><\/div><\/div><\/section><section class=\"l-section wpb_row height_auto\"><div class=\"l-section-h i-cf\"><div class=\"g-cols vc_row via_flex valign_middle type_default stacking_default\"><div class=\"vc_col-sm-6 wpb_column vc_column_container\"><div class=\"vc_column-inner\"><div class=\"wpb_wrapper\"><div class=\"w-separator size_custom\" style=\"height:25px\"><\/div><div class=\"w-image style_circle align_center\"><div class=\"w-image-h\"><img decoding=\"async\" width=\"1024\" height=\"1024\" src=\"https:\/\/isisrl.company\/wp-content\/uploads\/2022\/01\/3444-1024x1024.jpg\" class=\"attachment-large size-large\" alt=\"ISI | International System Industry\" loading=\"lazy\" srcset=\"https:\/\/isisrl.company\/wp-content\/uploads\/2022\/01\/3444.jpg 1024w, https:\/\/isisrl.company\/wp-content\/uploads\/2022\/01\/3444-300x300.jpg 300w, https:\/\/isisrl.company\/wp-content\/uploads\/2022\/01\/3444-150x150.jpg 150w, https:\/\/isisrl.company\/wp-content\/uploads\/2022\/01\/3444-900x900.jpg 900w, https:\/\/isisrl.company\/wp-content\/uploads\/2022\/01\/3444-400x400.jpg 400w\" sizes=\"auto, (max-width: 1024px) 100vw, 1024px\" \/><\/div><\/div><\/div><\/div><\/div><div class=\"vc_col-sm-6 wpb_column vc_column_container\"><div class=\"vc_column-inner\"><div class=\"wpb_wrapper\"><div class=\"wpb_text_column\"><div class=\"wpb_wrapper\"><div>\n<p>Diese Drucktechnik ist sehr schnell und sauber und perfekt geeignet, um Informationen \u00fcber das Produkt direkt auf die Verpackung zu drucken, so dass Kundenbed\u00fcrfnisse ber\u00fccksichtigt <strong>werden k\u00f6nnen, ohne die Pr\u00e4zision und Sch\u00f6nheit der gesamten Verpackungzu<\/strong>opfern. Sie bietet eine hohe Aufl\u00f6sung beim Druck von Texten und Bildern und ein Ergebnis mit \u00e4u\u00dferst lebendigen Farben.<\/p>\n<p>F\u00fcr weiterf\u00fchrende Informationen zu den Dienstleistungen von ISI s.r.l f\u00fcr die Kosmetik-, Parf\u00fcm- und Automobilbranche besuchen Sie den entsprechenden Abschnitt unserer <strong><a href=\"https:\/\/isisrl.company\/de\/kontakt\/\">Website<\/a><\/strong>oder kontaktieren Sie uns unter <a class=\"w-text-h\" href=\"tel:+3901611735102\" target=\"_blank\" rel=\"noopener\"><span class=\"w-text-value\"><strong>+39 0161 1735102<\/strong><\/span><\/a><strong>.<\/strong><\/p>\n<\/div>\n<\/div><\/div><\/div><\/div><\/div><\/div><\/div><\/section>\n","protected":false},"excerpt":{"rendered":"DIENSTLEISTUNGEN F\u00dcR LACKIERUNG UND DRUCK DIENSTLEISTUNGEN F\u00dcR LACKIERUNG UND DRUCK SERVICESLackierung und Dekoration: die Services von ISI s.r.l.Jedes Unternehmen ist auf der Suche nach sch\u00f6nen, eleganten Verpackungen, die die Essenz seiner Marke auf dem Markt repr\u00e4sentieren. Dies gilt ganz besonders f\u00fcr Parf\u00fcm&#8211; und Kosmetikprodukte, die durch exklusive und ma\u00dfgeschneiderte Farben und Dekors ins Auge fallen...","protected":false},"author":4,"featured_media":0,"parent":0,"menu_order":0,"comment_status":"closed","ping_status":"closed","template":"","meta":{"_acf_changed":false,"footnotes":""},"class_list":["post-7532","page","type-page","status-publish","hentry"],"acf":[],"yoast_head":"<!-- This site is optimized with the Yoast SEO plugin v27.3 - https:\/\/yoast.com\/product\/yoast-seo-wordpress\/ -->\n<title>SERVICES - ISI srl<\/title>\n<meta name=\"description\" content=\"ISI s.r.l. propone verniciatura di packaging per la cosmetica e la profumeria oltre che di penne e articoli per l&#039;automotive. Tra i servizi offerti troviamo la stampa a caldo o tampografica di loghi e dettagli e la massima personalizzazione dei colori tramite la serigrafia.\" \/>\n<meta name=\"robots\" content=\"index, follow, max-snippet:-1, max-image-preview:large, max-video-preview:-1\" \/>\n<link rel=\"canonical\" href=\"https:\/\/isisrl.company\/de\/services\/\" \/>\n<meta property=\"og:locale\" content=\"de_DE\" \/>\n<meta property=\"og:type\" content=\"article\" \/>\n<meta property=\"og:title\" content=\"SERVICES - ISI srl\" \/>\n<meta property=\"og:description\" content=\"ISI s.r.l. propone verniciatura di packaging per la cosmetica e la profumeria oltre che di penne e articoli per l&#039;automotive. Tra i servizi offerti troviamo la stampa a caldo o tampografica di loghi e dettagli e la massima personalizzazione dei colori tramite la serigrafia.\" \/>\n<meta property=\"og:url\" content=\"https:\/\/isisrl.company\/de\/services\/\" \/>\n<meta property=\"og:site_name\" content=\"ISI srl\" \/>\n<meta property=\"article:modified_time\" content=\"2022-03-09T10:20:07+00:00\" \/>\n<meta name=\"twitter:card\" content=\"summary_large_image\" \/>\n<meta name=\"twitter:label1\" content=\"Gesch\u00e4tzte Lesezeit\" \/>\n\t<meta name=\"twitter:data1\" content=\"5\u00a0Minuten\" \/>\n<script type=\"application\/ld+json\" class=\"yoast-schema-graph\">{\"@context\":\"https:\\\/\\\/schema.org\",\"@graph\":[{\"@type\":\"WebPage\",\"@id\":\"https:\\\/\\\/isisrl.company\\\/de\\\/services\\\/\",\"url\":\"https:\\\/\\\/isisrl.company\\\/de\\\/services\\\/\",\"name\":\"SERVICES - ISI srl\",\"isPartOf\":{\"@id\":\"https:\\\/\\\/isisrl.company\\\/#website\"},\"datePublished\":\"2022-03-03T16:14:36+00:00\",\"dateModified\":\"2022-03-09T10:20:07+00:00\",\"description\":\"ISI s.r.l. propone verniciatura di packaging per la cosmetica e la profumeria oltre che di penne e articoli per l'automotive. Tra i servizi offerti troviamo la stampa a caldo o tampografica di loghi e dettagli e la massima personalizzazione dei colori tramite la serigrafia.\",\"breadcrumb\":{\"@id\":\"https:\\\/\\\/isisrl.company\\\/de\\\/services\\\/#breadcrumb\"},\"inLanguage\":\"de\",\"potentialAction\":[{\"@type\":\"ReadAction\",\"target\":[\"https:\\\/\\\/isisrl.company\\\/de\\\/services\\\/\"]}]},{\"@type\":\"BreadcrumbList\",\"@id\":\"https:\\\/\\\/isisrl.company\\\/de\\\/services\\\/#breadcrumb\",\"itemListElement\":[{\"@type\":\"ListItem\",\"position\":1,\"name\":\"Home\",\"item\":\"https:\\\/\\\/isisrl.company\\\/\"},{\"@type\":\"ListItem\",\"position\":2,\"name\":\"SERVICES\"}]},{\"@type\":\"WebSite\",\"@id\":\"https:\\\/\\\/isisrl.company\\\/#website\",\"url\":\"https:\\\/\\\/isisrl.company\\\/\",\"name\":\"ISI srl\",\"description\":\"International System Indistry\",\"potentialAction\":[{\"@type\":\"SearchAction\",\"target\":{\"@type\":\"EntryPoint\",\"urlTemplate\":\"https:\\\/\\\/isisrl.company\\\/?s={search_term_string}\"},\"query-input\":{\"@type\":\"PropertyValueSpecification\",\"valueRequired\":true,\"valueName\":\"search_term_string\"}}],\"inLanguage\":\"de\"}]}<\/script>\n<!-- \/ Yoast SEO plugin. -->","yoast_head_json":{"title":"SERVICES - ISI srl","description":"ISI s.r.l. propone verniciatura di packaging per la cosmetica e la profumeria oltre che di penne e articoli per l'automotive. Tra i servizi offerti troviamo la stampa a caldo o tampografica di loghi e dettagli e la massima personalizzazione dei colori tramite la serigrafia.","robots":{"index":"index","follow":"follow","max-snippet":"max-snippet:-1","max-image-preview":"max-image-preview:large","max-video-preview":"max-video-preview:-1"},"canonical":"https:\/\/isisrl.company\/de\/services\/","og_locale":"de_DE","og_type":"article","og_title":"SERVICES - ISI srl","og_description":"ISI s.r.l. propone verniciatura di packaging per la cosmetica e la profumeria oltre che di penne e articoli per l'automotive. Tra i servizi offerti troviamo la stampa a caldo o tampografica di loghi e dettagli e la massima personalizzazione dei colori tramite la serigrafia.","og_url":"https:\/\/isisrl.company\/de\/services\/","og_site_name":"ISI srl","article_modified_time":"2022-03-09T10:20:07+00:00","twitter_card":"summary_large_image","twitter_misc":{"Gesch\u00e4tzte Lesezeit":"5\u00a0Minuten"},"schema":{"@context":"https:\/\/schema.org","@graph":[{"@type":"WebPage","@id":"https:\/\/isisrl.company\/de\/services\/","url":"https:\/\/isisrl.company\/de\/services\/","name":"SERVICES - ISI srl","isPartOf":{"@id":"https:\/\/isisrl.company\/#website"},"datePublished":"2022-03-03T16:14:36+00:00","dateModified":"2022-03-09T10:20:07+00:00","description":"ISI s.r.l. propone verniciatura di packaging per la cosmetica e la profumeria oltre che di penne e articoli per l'automotive. Tra i servizi offerti troviamo la stampa a caldo o tampografica di loghi e dettagli e la massima personalizzazione dei colori tramite la serigrafia.","breadcrumb":{"@id":"https:\/\/isisrl.company\/de\/services\/#breadcrumb"},"inLanguage":"de","potentialAction":[{"@type":"ReadAction","target":["https:\/\/isisrl.company\/de\/services\/"]}]},{"@type":"BreadcrumbList","@id":"https:\/\/isisrl.company\/de\/services\/#breadcrumb","itemListElement":[{"@type":"ListItem","position":1,"name":"Home","item":"https:\/\/isisrl.company\/"},{"@type":"ListItem","position":2,"name":"SERVICES"}]},{"@type":"WebSite","@id":"https:\/\/isisrl.company\/#website","url":"https:\/\/isisrl.company\/","name":"ISI srl","description":"International System Indistry","potentialAction":[{"@type":"SearchAction","target":{"@type":"EntryPoint","urlTemplate":"https:\/\/isisrl.company\/?s={search_term_string}"},"query-input":{"@type":"PropertyValueSpecification","valueRequired":true,"valueName":"search_term_string"}}],"inLanguage":"de"}]}},"_links":{"self":[{"href":"https:\/\/isisrl.company\/de\/wp-json\/wp\/v2\/pages\/7532","targetHints":{"allow":["GET"]}}],"collection":[{"href":"https:\/\/isisrl.company\/de\/wp-json\/wp\/v2\/pages"}],"about":[{"href":"https:\/\/isisrl.company\/de\/wp-json\/wp\/v2\/types\/page"}],"author":[{"embeddable":true,"href":"https:\/\/isisrl.company\/de\/wp-json\/wp\/v2\/users\/4"}],"replies":[{"embeddable":true,"href":"https:\/\/isisrl.company\/de\/wp-json\/wp\/v2\/comments?post=7532"}],"version-history":[{"count":4,"href":"https:\/\/isisrl.company\/de\/wp-json\/wp\/v2\/pages\/7532\/revisions"}],"predecessor-version":[{"id":7632,"href":"https:\/\/isisrl.company\/de\/wp-json\/wp\/v2\/pages\/7532\/revisions\/7632"}],"wp:attachment":[{"href":"https:\/\/isisrl.company\/de\/wp-json\/wp\/v2\/media?parent=7532"}],"curies":[{"name":"wp","href":"https:\/\/api.w.org\/{rel}","templated":true}]}}