{"id":7493,"date":"2022-03-02T15:27:17","date_gmt":"2022-03-02T15:27:17","guid":{"rendered":"https:\/\/isisrl.company\/contacts\/"},"modified":"2022-10-26T08:11:32","modified_gmt":"2022-10-26T08:11:32","slug":"contacts","status":"publish","type":"page","link":"https:\/\/isisrl.company\/fr\/contacts\/","title":{"rendered":"Contacts"},"content":{"rendered":"<section class=\"l-section wpb_row height_medium width_full color_primary with_img\"><div class=\"l-section-img\" role=\"img\" aria-label=\"ISI | International System Industry\" data-img-width=\"1920\" data-img-height=\"608\" style=\"background-image: url(https:\/\/isisrl.company\/wp-content\/uploads\/2022\/01\/1.jpg);background-position: top center;background-repeat: no-repeat;\"><\/div><div class=\"l-section-overlay\" style=\"background:rgba(0,0,0,0.45)\"><\/div><div class=\"l-section-h i-cf\"><div class=\"g-cols vc_row via_flex valign_top type_default stacking_default\"><div class=\"vc_col-sm-12 wpb_column vc_column_container\"><div class=\"vc_column-inner\"><div class=\"wpb_wrapper\"><div class=\"w-separator size_custom\" style=\"height:100px\"><\/div><div class=\"wpb_text_column us_custom_9dbbdff4\"><div class=\"wpb_wrapper\"><h2 style=\"text-align: center;\"><strong>TOUJOURS \u00c0 TES C\u00d4T\u00c9S <\/strong><\/h2>\n<\/div><\/div><div class=\"w-separator size_custom\" style=\"height:100px\"><\/div><\/div><\/div><\/div><\/div><\/div><\/section><section class=\"l-section wpb_row hide_on_tablets hide_on_mobiles height_medium\"><div class=\"l-section-h i-cf\"><div class=\"g-cols vc_row via_flex valign_middle type_default stacking_default\"><div class=\"vc_col-sm-12 wpb_column vc_column_container us_animate_afb\" style=\"animation-delay:0s\"><div class=\"vc_column-inner\"><div class=\"wpb_wrapper\"><div class=\"g-cols wpb_row via_flex valign_top type_default stacking_default\"><div class=\"vc_col-sm-6 wpb_column vc_column_container\"><div class=\"vc_column-inner\"><div class=\"wpb_wrapper\"><h1 class=\"w-text us_custom_c39729dd has_text_color\"><span class=\"w-text-h\"><span class=\"w-text-value\">CONTACTS<\/span><\/span><\/h1><h2 class=\"w-text us_custom_07c0476c\"><span class=\"w-text-h\"><span class=\"w-text-value\">Sp\u00e9cialistes de la peinture<br \/>\npour le secteur cosm\u00e9tique et parfumerie<\/span><\/span><\/h2><\/div><\/div><\/div><div class=\"vc_col-sm-6 wpb_column vc_column_container\"><div class=\"vc_column-inner\"><div class=\"wpb_wrapper\"><\/div><\/div><\/div><\/div><div class=\"w-separator size_small with_line width_default thick_2 style_solid color_secondary align_center with_content\"><div class=\"w-separator-h\"><i class=\"fas fa-map-marker-alt\"><\/i><\/div><\/div><div class=\"g-cols wpb_row via_flex valign_top type_default stacking_default\"><div class=\"vc_col-sm-6 wpb_column vc_column_container\"><div class=\"vc_column-inner\"><div class=\"wpb_wrapper\"><div class=\"w-image align_left\"><div class=\"w-image-h\"><img decoding=\"async\" width=\"274\" height=\"162\" src=\"https:\/\/isisrl.company\/wp-content\/uploads\/2022\/01\/logo-e1642519198667.png\" class=\"attachment-medium size-medium\" alt=\"ISI | International System Industry\" loading=\"lazy\" \/><\/div><\/div><div class=\"w-separator size_custom\" style=\"height:20px\"><\/div><div class=\"wpb_text_column\"><div class=\"wpb_wrapper\"><h2><strong>I.S.I. srl<br \/>\n<\/strong><\/h2>\n<\/div><\/div><div class=\"wpb_text_column\"><div class=\"wpb_wrapper\"><p style=\"text-align: justify;\">Pour recevoir des informations sur nos services et processus, envoyez un e-mail \u00e0 : <strong><a href=\"mailto:amministrazione@isisrl.company\" target=\"_blank\" rel=\"noopener noreferrer\">amministrazione@isisrl.company<\/a><\/strong>, ou vous pouvez remplir le formulaire appropri\u00e9.<br \/>\nVous serez recontact\u00e9 dans les plus brefs d\u00e9lais.<\/p>\n<\/div><\/div><div class=\"w-separator size_custom\" style=\"height:10px\"><\/div><div class=\"w-iconbox iconpos_left style_default color_primary align_left no_title\"><div class=\"w-iconbox-icon\" style=\"font-size:20px;\"><i class=\"fas fa-map-marker-alt\"><\/i><\/div><div class=\"w-iconbox-meta\"><div class=\"w-iconbox-text\"><p>Via Delfino Colombo, 32 \u2013 13044 Crescentino (VC)<\/p>\n<\/div><\/div><\/div><div class=\"w-iconbox iconpos_left style_default color_primary align_left no_title\"><div class=\"w-iconbox-icon\" style=\"font-size:20px;\"><i class=\"fas fa-phone\"><\/i><\/div><div class=\"w-iconbox-meta\"><div class=\"w-iconbox-text\"><p>Tel: <a href=\"tel:01611735102\" target=\"_blank\" rel=\"noopener noreferrer\">0161 1735102<\/a><\/p>\n<\/div><\/div><\/div><div class=\"w-iconbox iconpos_left style_default color_primary align_left no_title\"><div class=\"w-iconbox-icon\" style=\"font-size:20px;\"><i class=\"fas fa-envelope\"><\/i><\/div><div class=\"w-iconbox-meta\"><div class=\"w-iconbox-text\"><p>E-mail: <a href=\"mailto:amministrazione@isisrl.company\" target=\"_blank\" rel=\"noopener noreferrer\">amministrazione@isisrl.company<\/a><\/p>\n<\/div><\/div><\/div><div class=\"w-iconbox iconpos_left style_default color_primary align_left no_title\"><div class=\"w-iconbox-icon\" style=\"font-size:20px;\"><i class=\"fas fa-euro-sign\"><\/i><\/div><div class=\"w-iconbox-meta\"><div class=\"w-iconbox-text\"><p>P.Iva: 11192630017<\/p>\n<\/div><\/div><\/div><div class=\"w-separator size_custom with_line width_default thick_1 style_solid color_primary align_center\" style=\"height:20px\"><div class=\"w-separator-h\"><\/div><\/div><div class=\"w-iconbox iconpos_left style_default color_primary align_left no_title\"><div class=\"w-iconbox-icon\" style=\"font-size:20px;\"><i class=\"fas fa-clock\"><\/i><\/div><div class=\"w-iconbox-meta\"><div class=\"w-iconbox-text\"><p>Ouvert du lundi au vendredi :<\/p>\n<p>Matin 8.00 &#8211; 12.30<\/p>\n<p>Apr\u00e8s-midi 13h30 &#8211; 17h00 (avec derni\u00e8re r\u00e9ception de marchandises \u00e0 16h45)<\/p>\n<p>Samedi et dimanche : fermeture hebdomadaire<\/p>\n<\/div><\/div><\/div><\/div><\/div><\/div><div class=\"vc_col-sm-6 wpb_column vc_column_container\"><div class=\"vc_column-inner\"><div class=\"wpb_wrapper\">[vc_raw_html]JTNDaWZyYW1lJTIwc3JjJTNEJTIyaHR0cHMlM0ElMkYlMkZ3d3cuZ29vZ2xlLmNvbSUyRm1hcHMlMkZlbWJlZCUzRnBiJTNEJTIxMW0xOCUyMTFtMTIlMjExbTMlMjExZDI4MTEuMjYxNjQwNzQ5MDM2JTIxMmQ4LjEwODY0MjM1MTc4MDUxNCUyMTNkNDUuMjAyMDQwNzc4OTk2MjYlMjEybTMlMjExZjAlMjEyZjAlMjEzZjAlMjEzbTIlMjExaTEwMjQlMjEyaTc2OCUyMTRmMTMuMSUyMTNtMyUyMTFtMiUyMTFzMHg0Nzg3Y2UzMzliYzE3MGYxJTI1M0EweDM2NTI5NWZlY2JiMjI5MDYlMjEyc0lTSSUyNTIwSW50ZXJuYXRpb25hbCUyNTIwU3lzdGVtJTI1MjBJbmR1c3RyeSUyNTIwcy5yLmwuJTIxNWUwJTIxM20yJTIxMXNpdCUyMTJzaXQlMjE0djE2NDI1MTkxMDQ5NjQlMjE1bTIlMjExc2l0JTIxMnNpdCUyMiUyMHdpZHRoJTNEJTIyMTAwJTI1JTIyJTIwaGVpZ2h0JTNEJTIyNTUwJTIyJTIwc3R5bGUlM0QlMjJib3JkZXIlM0EwJTNCJTIyJTIwYWxsb3dmdWxsc2NyZWVuJTNEJTIyJTIyJTIwbG9hZGluZyUzRCUyMmxhenklMjIlM0UlM0MlMkZpZnJhbWUlM0U=[\/vc_raw_html]<\/div><\/div><\/div><\/div><\/div><\/div><\/div><\/div><\/div><\/section><section class=\"l-section wpb_row hide_on_default hide_on_laptops height_medium\" id=\"mob\"><div class=\"l-section-h i-cf\"><div class=\"g-cols vc_row via_flex valign_middle type_default stacking_default\"><div class=\"vc_col-sm-12 wpb_column vc_column_container us_animate_afb\" style=\"animation-delay:0s\"><div class=\"vc_column-inner\"><div class=\"wpb_wrapper\"><div class=\"g-cols wpb_row via_flex valign_top type_default stacking_default\"><div class=\"vc_col-sm-12 wpb_column vc_column_container\"><div class=\"vc_column-inner\"><div class=\"wpb_wrapper\"><h2 class=\"w-text us_custom_c39729dd has_text_color\"><span class=\"w-text-h\"><span class=\"w-text-value\">CONTACTS<\/span><\/span><\/h2><h2 class=\"w-text us_custom_07c0476c\"><span class=\"w-text-h\"><span class=\"w-text-value\">Sp\u00e9cialistes de la peinture<br \/>\npour le secteur cosm\u00e9tique et parfumerie<\/span><\/span><\/h2><\/div><\/div><\/div><\/div><div class=\"w-separator size_small with_line width_default thick_2 style_solid color_secondary align_center with_content\"><div class=\"w-separator-h\"><i class=\"fas fa-map-marker-alt\"><\/i><\/div><\/div><div class=\"g-cols wpb_row via_flex valign_top type_default stacking_default\"><div class=\"vc_col-sm-12 wpb_column vc_column_container\"><div class=\"vc_column-inner\"><div class=\"wpb_wrapper\"><div class=\"w-image align_center\"><div class=\"w-image-h\"><img decoding=\"async\" width=\"274\" height=\"162\" src=\"https:\/\/isisrl.company\/wp-content\/uploads\/2022\/01\/logo-e1642519198667.png\" class=\"attachment-medium size-medium\" alt=\"ISI | International System Industry\" loading=\"lazy\" \/><\/div><\/div><div class=\"w-separator size_custom\" style=\"height:20px\"><\/div><div class=\"wpb_text_column\"><div class=\"wpb_wrapper\"><h2><strong>I.S.I. srl<br \/>\n<\/strong><\/h2>\n<\/div><\/div><div class=\"wpb_text_column\"><div class=\"wpb_wrapper\"><p style=\"text-align: justify;\">Pour recevoir des informations sur nos services et processus, envoyez un e-mail \u00e0 : <strong><a href=\"mailto:amministrazione@isisrl.company\" target=\"_blank\" rel=\"noopener noreferrer\">amministrazione@isisrl.company<\/a><\/strong>, ou vous pouvez remplir le formulaire appropri\u00e9.<br \/>\nVous serez recontact\u00e9 dans les plus brefs d\u00e9lais.<\/p>\n<\/div><\/div><div class=\"w-separator size_custom\" style=\"height:20px\"><\/div><div class=\"w-iconbox iconpos_left style_default color_primary align_left no_title\"><div class=\"w-iconbox-icon\" style=\"font-size:20px;\"><i class=\"fas fa-map-marker-alt\"><\/i><\/div><div class=\"w-iconbox-meta\"><div class=\"w-iconbox-text\"><p>Via Delfino Colombo, 32 \u2013 13044 Crescentino (VC)<\/p>\n<\/div><\/div><\/div><div class=\"w-iconbox iconpos_left style_default color_primary align_left no_title\"><div class=\"w-iconbox-icon\" style=\"font-size:20px;\"><i class=\"fas fa-phone\"><\/i><\/div><div class=\"w-iconbox-meta\"><div class=\"w-iconbox-text\"><p>Tel: <a href=\"tel:0161831016\" target=\"_blank\" rel=\"noopener noreferrer\">0161 831016<\/a><\/p>\n<\/div><\/div><\/div><div class=\"w-iconbox iconpos_left style_default color_primary align_left no_title\"><div class=\"w-iconbox-icon\" style=\"font-size:20px;\"><i class=\"fas fa-envelope\"><\/i><\/div><div class=\"w-iconbox-meta\"><div class=\"w-iconbox-text\"><p>E-mail: <a href=\"mailto:amministrazione@isisrl.company\" target=\"_blank\" rel=\"noopener noreferrer\">amministrazione@isisrl.company<\/a><\/p>\n<\/div><\/div><\/div><div class=\"w-iconbox iconpos_left style_default color_primary align_left no_title\"><div class=\"w-iconbox-icon\" style=\"font-size:20px;\"><i class=\"fas fa-euro-sign\"><\/i><\/div><div class=\"w-iconbox-meta\"><div class=\"w-iconbox-text\"><p>P.Iva: 11192630017<\/p>\n<\/div><\/div><\/div><div class=\"w-separator size_custom with_line width_default thick_1 style_solid color_primary align_center\" style=\"height:20px\"><div class=\"w-separator-h\"><\/div><\/div><div class=\"w-iconbox iconpos_left style_default color_primary align_left no_title\"><div class=\"w-iconbox-icon\" style=\"font-size:20px;\"><i class=\"fas fa-clock\"><\/i><\/div><div class=\"w-iconbox-meta\"><div class=\"w-iconbox-text\"><p>Ouvert du lundi au vendredi :<\/p>\n<p>Matin 8.00 &#8211; 12.30<\/p>\n<p>Apr\u00e8s-midi 13h30 &#8211; 17h00 (avec derni\u00e8re r\u00e9ception de marchandises \u00e0 16h45)<\/p>\n<p>Samedi et dimanche : fermeture hebdomadaire<\/p>\n<\/div><\/div><\/div><div class=\"w-separator size_small\"><\/div><\/div><\/div><\/div><\/div><\/div><\/div><\/div><\/div><\/div><\/section>\n","protected":false},"excerpt":{"rendered":"TOUJOURS \u00c0 TES C\u00d4T\u00c9S CONTACTSSp\u00e9cialistes de la peinture pour le secteur cosm\u00e9tique et parfumerieI.S.I. srl Pour recevoir des informations sur nos services et processus, envoyez un e-mail \u00e0 : amministrazione@isisrl.company, ou vous pouvez remplir le formulaire appropri\u00e9. Vous serez recontact\u00e9 dans les plus brefs d\u00e9lais. Via Delfino Colombo, 32 \u2013 13044 Crescentino (VC) Tel: 0161...","protected":false},"author":4,"featured_media":0,"parent":0,"menu_order":0,"comment_status":"closed","ping_status":"closed","template":"","meta":{"_acf_changed":false,"footnotes":""},"class_list":["post-7493","page","type-page","status-publish","hentry"],"acf":[],"yoast_head":"<!-- This site is optimized with the Yoast SEO plugin v27.3 - https:\/\/yoast.com\/product\/yoast-seo-wordpress\/ -->\n<title>Contacts - ISI srl<\/title>\n<meta name=\"description\" content=\"ISI s.r.l. \u00e0 Crescentino (VC) propose des services tels que la peinture au pistolet ou le dessin, le marquage \u00e0 chaud et la tampographie pour la personnalisation de stylos, crayons, emballages pour cosm\u00e9tiques et parfumerie et pi\u00e8ces pour le secteur automobile.\" \/>\n<meta name=\"robots\" content=\"index, follow, max-snippet:-1, max-image-preview:large, max-video-preview:-1\" \/>\n<link rel=\"canonical\" href=\"https:\/\/isisrl.company\/fr\/contacts\/\" \/>\n<meta property=\"og:locale\" content=\"fr_FR\" \/>\n<meta property=\"og:type\" content=\"article\" \/>\n<meta property=\"og:title\" content=\"Contacts - ISI srl\" \/>\n<meta property=\"og:description\" content=\"ISI s.r.l. \u00e0 Crescentino (VC) propose des services tels que la peinture au pistolet ou le dessin, le marquage \u00e0 chaud et la tampographie pour la personnalisation de stylos, crayons, emballages pour cosm\u00e9tiques et parfumerie et pi\u00e8ces pour le secteur automobile.\" \/>\n<meta property=\"og:url\" content=\"https:\/\/isisrl.company\/fr\/contacts\/\" \/>\n<meta property=\"og:site_name\" content=\"ISI srl\" \/>\n<meta property=\"article:modified_time\" content=\"2022-10-26T08:11:32+00:00\" \/>\n<meta name=\"twitter:card\" content=\"summary_large_image\" \/>\n<meta name=\"twitter:label1\" content=\"Dur\u00e9e de lecture estim\u00e9e\" \/>\n\t<meta name=\"twitter:data1\" content=\"2 minutes\" \/>\n<script type=\"application\/ld+json\" class=\"yoast-schema-graph\">{\"@context\":\"https:\\\/\\\/schema.org\",\"@graph\":[{\"@type\":\"WebPage\",\"@id\":\"https:\\\/\\\/isisrl.company\\\/fr\\\/contacts\\\/\",\"url\":\"https:\\\/\\\/isisrl.company\\\/fr\\\/contacts\\\/\",\"name\":\"Contacts - ISI srl\",\"isPartOf\":{\"@id\":\"https:\\\/\\\/isisrl.company\\\/#website\"},\"datePublished\":\"2022-03-02T15:27:17+00:00\",\"dateModified\":\"2022-10-26T08:11:32+00:00\",\"description\":\"ISI s.r.l. \u00e0 Crescentino (VC) propose des services tels que la peinture au pistolet ou le dessin, le marquage \u00e0 chaud et la tampographie pour la personnalisation de stylos, crayons, emballages pour cosm\u00e9tiques et parfumerie et pi\u00e8ces pour le secteur automobile.\",\"breadcrumb\":{\"@id\":\"https:\\\/\\\/isisrl.company\\\/fr\\\/contacts\\\/#breadcrumb\"},\"inLanguage\":\"fr-FR\",\"potentialAction\":[{\"@type\":\"ReadAction\",\"target\":[\"https:\\\/\\\/isisrl.company\\\/fr\\\/contacts\\\/\"]}]},{\"@type\":\"BreadcrumbList\",\"@id\":\"https:\\\/\\\/isisrl.company\\\/fr\\\/contacts\\\/#breadcrumb\",\"itemListElement\":[{\"@type\":\"ListItem\",\"position\":1,\"name\":\"Home\",\"item\":\"https:\\\/\\\/isisrl.company\\\/\"},{\"@type\":\"ListItem\",\"position\":2,\"name\":\"Contacts\"}]},{\"@type\":\"WebSite\",\"@id\":\"https:\\\/\\\/isisrl.company\\\/#website\",\"url\":\"https:\\\/\\\/isisrl.company\\\/\",\"name\":\"ISI srl\",\"description\":\"International System Indistry\",\"potentialAction\":[{\"@type\":\"SearchAction\",\"target\":{\"@type\":\"EntryPoint\",\"urlTemplate\":\"https:\\\/\\\/isisrl.company\\\/?s={search_term_string}\"},\"query-input\":{\"@type\":\"PropertyValueSpecification\",\"valueRequired\":true,\"valueName\":\"search_term_string\"}}],\"inLanguage\":\"fr-FR\"}]}<\/script>\n<!-- \/ Yoast SEO plugin. -->","yoast_head_json":{"title":"Contacts - ISI srl","description":"ISI s.r.l. \u00e0 Crescentino (VC) propose des services tels que la peinture au pistolet ou le dessin, le marquage \u00e0 chaud et la tampographie pour la personnalisation de stylos, crayons, emballages pour cosm\u00e9tiques et parfumerie et pi\u00e8ces pour le secteur automobile.","robots":{"index":"index","follow":"follow","max-snippet":"max-snippet:-1","max-image-preview":"max-image-preview:large","max-video-preview":"max-video-preview:-1"},"canonical":"https:\/\/isisrl.company\/fr\/contacts\/","og_locale":"fr_FR","og_type":"article","og_title":"Contacts - ISI srl","og_description":"ISI s.r.l. \u00e0 Crescentino (VC) propose des services tels que la peinture au pistolet ou le dessin, le marquage \u00e0 chaud et la tampographie pour la personnalisation de stylos, crayons, emballages pour cosm\u00e9tiques et parfumerie et pi\u00e8ces pour le secteur automobile.","og_url":"https:\/\/isisrl.company\/fr\/contacts\/","og_site_name":"ISI srl","article_modified_time":"2022-10-26T08:11:32+00:00","twitter_card":"summary_large_image","twitter_misc":{"Dur\u00e9e de lecture estim\u00e9e":"2 minutes"},"schema":{"@context":"https:\/\/schema.org","@graph":[{"@type":"WebPage","@id":"https:\/\/isisrl.company\/fr\/contacts\/","url":"https:\/\/isisrl.company\/fr\/contacts\/","name":"Contacts - ISI srl","isPartOf":{"@id":"https:\/\/isisrl.company\/#website"},"datePublished":"2022-03-02T15:27:17+00:00","dateModified":"2022-10-26T08:11:32+00:00","description":"ISI s.r.l. \u00e0 Crescentino (VC) propose des services tels que la peinture au pistolet ou le dessin, le marquage \u00e0 chaud et la tampographie pour la personnalisation de stylos, crayons, emballages pour cosm\u00e9tiques et parfumerie et pi\u00e8ces pour le secteur automobile.","breadcrumb":{"@id":"https:\/\/isisrl.company\/fr\/contacts\/#breadcrumb"},"inLanguage":"fr-FR","potentialAction":[{"@type":"ReadAction","target":["https:\/\/isisrl.company\/fr\/contacts\/"]}]},{"@type":"BreadcrumbList","@id":"https:\/\/isisrl.company\/fr\/contacts\/#breadcrumb","itemListElement":[{"@type":"ListItem","position":1,"name":"Home","item":"https:\/\/isisrl.company\/"},{"@type":"ListItem","position":2,"name":"Contacts"}]},{"@type":"WebSite","@id":"https:\/\/isisrl.company\/#website","url":"https:\/\/isisrl.company\/","name":"ISI srl","description":"International System Indistry","potentialAction":[{"@type":"SearchAction","target":{"@type":"EntryPoint","urlTemplate":"https:\/\/isisrl.company\/?s={search_term_string}"},"query-input":{"@type":"PropertyValueSpecification","valueRequired":true,"valueName":"search_term_string"}}],"inLanguage":"fr-FR"}]}},"_links":{"self":[{"href":"https:\/\/isisrl.company\/fr\/wp-json\/wp\/v2\/pages\/7493","targetHints":{"allow":["GET"]}}],"collection":[{"href":"https:\/\/isisrl.company\/fr\/wp-json\/wp\/v2\/pages"}],"about":[{"href":"https:\/\/isisrl.company\/fr\/wp-json\/wp\/v2\/types\/page"}],"author":[{"embeddable":true,"href":"https:\/\/isisrl.company\/fr\/wp-json\/wp\/v2\/users\/4"}],"replies":[{"embeddable":true,"href":"https:\/\/isisrl.company\/fr\/wp-json\/wp\/v2\/comments?post=7493"}],"version-history":[{"count":5,"href":"https:\/\/isisrl.company\/fr\/wp-json\/wp\/v2\/pages\/7493\/revisions"}],"predecessor-version":[{"id":7639,"href":"https:\/\/isisrl.company\/fr\/wp-json\/wp\/v2\/pages\/7493\/revisions\/7639"}],"wp:attachment":[{"href":"https:\/\/isisrl.company\/fr\/wp-json\/wp\/v2\/media?parent=7493"}],"curies":[{"name":"wp","href":"https:\/\/api.w.org\/{rel}","templated":true}]}}