{"id":7516,"date":"2022-03-03T11:59:37","date_gmt":"2022-03-03T11:59:37","guid":{"rendered":"https:\/\/isisrl.company\/nos-realisations\/"},"modified":"2022-03-09T10:14:54","modified_gmt":"2022-03-09T10:14:54","slug":"nos-realisations","status":"publish","type":"page","link":"https:\/\/isisrl.company\/fr\/nos-realisations\/","title":{"rendered":"NOS R\u00c9ALISATIONS"},"content":{"rendered":"<section class=\"l-section wpb_row hide_on_tablets hide_on_mobiles height_medium width_full color_primary with_img\"><div class=\"l-section-img\" role=\"img\" aria-label=\"ISI | International System Industry\" data-img-width=\"1110\" data-img-height=\"1109\" style=\"background-image: url(https:\/\/isisrl.company\/wp-content\/uploads\/2021\/10\/azienda.jpg);background-repeat: no-repeat;\"><\/div><div class=\"l-section-overlay\" style=\"background:rgba(0,0,0,0.45)\"><\/div><div class=\"l-section-h i-cf\"><div class=\"g-cols vc_row via_flex valign_top type_default stacking_default\"><div class=\"vc_col-sm-12 wpb_column vc_column_container\"><div class=\"vc_column-inner\"><div class=\"wpb_wrapper\"><div class=\"w-separator hide_on_tablets hide_on_mobiles size_custom\" style=\"height:100px\"><\/div><div class=\"wpb_text_column us_custom_9dbbdff4\"><div class=\"wpb_wrapper\"><h2 style=\"text-align: center;\"><strong>PEINTURE ET IMPRESSION <\/strong><\/h2>\n<\/div><\/div><div class=\"w-separator hide_on_tablets hide_on_mobiles size_custom\" style=\"height:100px\"><\/div><\/div><\/div><\/div><\/div><\/div><\/section><section class=\"l-section wpb_row hide_on_default hide_on_laptops height_medium width_full color_primary with_img\" id=\"mob\"><div class=\"l-section-img\" role=\"img\" aria-label=\"ISI | International System Industry\" data-img-width=\"1110\" data-img-height=\"1109\" style=\"background-image: url(https:\/\/isisrl.company\/wp-content\/uploads\/2021\/10\/azienda.jpg);background-repeat: no-repeat;\"><\/div><div class=\"l-section-overlay\" style=\"background:rgba(0,0,0,0.45)\"><\/div><div class=\"l-section-h i-cf\"><div class=\"g-cols vc_row via_flex valign_top type_default stacking_default\"><div class=\"vc_col-sm-12 wpb_column vc_column_container\"><div class=\"vc_column-inner\"><div class=\"wpb_wrapper\"><div class=\"w-separator size_custom\" style=\"height:190px\"><\/div><div class=\"wpb_text_column us_custom_9dbbdff4\"><div class=\"wpb_wrapper\"><h2 style=\"text-align: center;\"><strong>PEINTURE ET IMPRESSION <\/strong><\/h2>\n<\/div><\/div><div class=\"w-separator size_custom\" style=\"height:80px\"><\/div><\/div><\/div><\/div><\/div><\/div><\/section><section class=\"l-section wpb_row height_medium\"><div class=\"l-section-h i-cf\"><div class=\"g-cols vc_row via_flex valign_middle type_default stacking_default\"><div class=\"vc_col-sm-12 wpb_column vc_column_container\"><div class=\"vc_column-inner\"><div class=\"wpb_wrapper\"><div class=\"g-cols wpb_row via_flex valign_top type_default stacking_default\" id=\"spruzzo\"><div class=\"vc_col-sm-6 wpb_column vc_column_container\"><div class=\"vc_column-inner\"><div class=\"wpb_wrapper\"><h1 class=\"w-text us_custom_c39729dd has_text_color\"><span class=\"w-text-h\"><span class=\"w-text-value\">R\u00c9ALISATIONS<\/span><\/span><\/h1><h2 class=\"w-text us_custom_07c0476c\"><span class=\"w-text-h\"><span class=\"w-text-value\">R\u00e9alisations pour tous les besoins d&#8217;emballage<\/span><\/span><\/h2><div class=\"w-separator us_custom_31b73226 size_small with_line width_default thick_2 style_solid color_secondary align_center with_content\"><div class=\"w-separator-h\"><i class=\"far fa-landmark\"><\/i><\/div><\/div><div class=\"wpb_text_column\"><div class=\"wpb_wrapper\"><p>L&rsquo;\u00e9tablissement moderne d&rsquo;ISI s.r.l. a \u00e9t\u00e9 divis\u00e9 en quatre d\u00e9partements de production, afin de toujours offrir une approche personnalis\u00e9e pour les besoins de peinture des clients de secteurs tr\u00e8s diff\u00e9rents.<\/p>\n<\/div><\/div><div class=\"w-separator us_custom_31b73226 size_small\"><\/div><h3 class=\"w-text\"><span class=\"w-text-h\"><span class=\"w-text-value\">D\u00e9partement peinture au pistolet<\/span><\/span><\/h3><div class=\"wpb_text_column\"><div class=\"wpb_wrapper\"><p>Dans ce d\u00e9partement, il y a huit machines de peinture automatiques \u00e9quip\u00e9es de broches de transport \u00e0 double ligne. Cela nous permet de garantir au client une p<strong>einture au solvant<\/strong> ou \u00e0 l&rsquo;<strong>eau<\/strong> pour un impact r\u00e9duit sur l&rsquo;environnement, avec des finitions particuli\u00e8rement adapt\u00e9es aux emballages destin\u00e9s aux secteurs de la cosm\u00e9tique et de la parfumerie. La gamme de couleurs disponibles comprend des teintes brillantes et opaques dans une version plus ou moins r\u00e9fl\u00e9chissante, mais toujours agr\u00e9ables au toucher et r\u00e9sistantes \u00e0 l&rsquo;usure.<\/p>\n<\/div><\/div><\/div><\/div><\/div><div class=\"vc_col-sm-6 wpb_column vc_column_container\"><div class=\"vc_column-inner\"><div class=\"wpb_wrapper\"><div class=\"w-image style_circle align_center\"><div class=\"w-image-h\"><img decoding=\"async\" width=\"1024\" height=\"1024\" src=\"https:\/\/isisrl.company\/wp-content\/uploads\/2022\/01\/servizi-1024x1024.jpg\" class=\"attachment-large size-large\" alt=\"ISI | International System Industry\" loading=\"lazy\" srcset=\"https:\/\/isisrl.company\/wp-content\/uploads\/2022\/01\/servizi.jpg 1024w, https:\/\/isisrl.company\/wp-content\/uploads\/2022\/01\/servizi-300x300.jpg 300w, https:\/\/isisrl.company\/wp-content\/uploads\/2022\/01\/servizi-150x150.jpg 150w, https:\/\/isisrl.company\/wp-content\/uploads\/2022\/01\/servizi-900x900.jpg 900w, https:\/\/isisrl.company\/wp-content\/uploads\/2022\/01\/servizi-400x400.jpg 400w\" sizes=\"auto, (max-width: 1024px) 100vw, 1024px\" \/><\/div><\/div><div class=\"w-separator us_custom_31b73226 size_custom\" style=\"height:10px\"><\/div><\/div><\/div><\/div><\/div><div class=\"wpb_text_column\"><div class=\"wpb_wrapper\"><p>Outre les finitions plus classiques, ISI s.r.l. r\u00e9alise des effets chromatiques tels que d\u00e9grad\u00e9 avec des nuances sur demande, ainsi que la possibilit\u00e9 de choisir une peinture soft touch particuli\u00e8rement adapt\u00e9e comme finition pour stylos gr\u00e2ce \u00e0 la meilleure prise en main et au confort lors de l&rsquo;\u00e9criture.<\/p>\n<\/div><\/div><div class=\"w-separator us_custom_31b73226 size_small\"><\/div><div class=\"g-cols wpb_row via_flex valign_top type_default stacking_default\" id=\"trafila\"><div class=\"vc_col-sm-12 wpb_column vc_column_container\"><div class=\"vc_column-inner\"><div class=\"wpb_wrapper\"><h3 class=\"w-text us_custom_785e50b2\"><span class=\"w-text-h\"><span class=\"w-text-value\">D\u00e9partement de peinture par bain<\/span><\/span><\/h3><div class=\"wpb_text_column\"><div class=\"wpb_wrapper\"><p style=\"text-align: left;\">Si votre soci\u00e9t\u00e9 a besoin de compter sur un partenaire fiable pour <strong>la peinture de produits d&rsquo;\u00e9criture<\/strong> ou de tubes en plastique pour cosm\u00e9tiques, ISI s.r.l. se distingue des entreprises concurrentes du secteur non seulement par la qualit\u00e9 du travail effectu\u00e9, mais aussi par son approche 100% personnalis\u00e9e, travaillant avec chaque client pour cr\u00e9er la bonne combinaison de couleurs pour les besoins de communication de la marque.<\/p>\n<p style=\"text-align: left;\">Pour la peinture d&rsquo;objets cylindriques en plastique, m\u00e9tal ou verre, nous nous sommes \u00e9quip\u00e9s d&rsquo;un d\u00e9partement qui contient quatre lignes de dessin avec des machines de derni\u00e8re g\u00e9n\u00e9ration capables de garantir le r\u00e9sultat esth\u00e9tique final maximal du produit peint gr\u00e2ce \u00e0 l&rsquo;application homog\u00e8ne de la couleur sur la zone pr\u00e9d\u00e9finie.<\/p>\n<\/div><\/div><\/div><\/div><\/div><\/div><div class=\"w-separator us_custom_31b73226 size_small\"><\/div><\/div><\/div><\/div><\/div><\/div><\/section><section class=\"l-section wpb_row height_medium color_primary with_img parallax_ver parallaxdir_reversed\"><div class=\"l-section-img\" role=\"img\" aria-label=\"ISI | International System Industry\" data-img-width=\"1024\" data-img-height=\"683\" style=\"background-image: url(https:\/\/isisrl.company\/wp-content\/uploads\/2022\/01\/333.jpg);background-repeat: no-repeat;\"><\/div><div class=\"l-section-overlay\" style=\"background:rgba(0,0,0,0.47)\"><\/div><div class=\"l-section-h i-cf\"><div class=\"g-cols vc_row via_flex valign_top type_default stacking_default\"><div class=\"vc_col-sm-12 wpb_column vc_column_container\"><div class=\"vc_column-inner\"><div class=\"wpb_wrapper\"><div class=\"w-separator size_large\"><\/div><div class=\"wpb_text_column\"><div class=\"wpb_wrapper\"><h2 style=\"text-align: center;\"><strong>DIFF\u00c9RENTS TYPES DE TRAITEMENT POUR CHAQUE BESOIN<\/strong><\/h2>\n<\/div><\/div><div class=\"w-separator size_large\"><\/div><\/div><\/div><\/div><\/div><\/div><\/section><section class=\"l-section wpb_row height_medium\"><div class=\"l-section-h i-cf\"><div class=\"g-cols vc_row via_flex valign_middle type_default stacking_default\"><div class=\"vc_col-sm-12 wpb_column vc_column_container\"><div class=\"vc_column-inner\"><div class=\"wpb_wrapper\"><div class=\"g-cols wpb_row via_flex valign_top type_default stacking_default\" id=\"inchiostro\"><div class=\"vc_col-sm-6 wpb_column vc_column_container\"><div class=\"vc_column-inner\"><div class=\"wpb_wrapper\"><h3 class=\"w-text us_custom_785e50b2\"><span class=\"w-text-h\"><span class=\"w-text-value\">D\u00e9partement de marquage \u00e0 l&rsquo;encre<\/span><\/span><\/h3><div class=\"wpb_text_column\"><div class=\"wpb_wrapper\"><p>Dans ce d\u00e9partement, nous disposons de <strong>machines de s\u00e9rigraphie<\/strong> automatiques \u00e0 une ou deux couleurs avec recherche de position m\u00e9canique et possibilit\u00e9 de recherche optique en s\u00e9rigraphie pour permettre \u00e0 nos techniciens sp\u00e9cialis\u00e9s d&rsquo;imprimer des pi\u00e8ces cylindriques sans r\u00e9f\u00e9rences.<\/p>\n<p>De plus, pour les situations o\u00f9 la pr\u00e9cision est essentielle et o\u00f9 le client a besoin de d\u00e9corer des surfaces aux dimensions r\u00e9duites, nos <strong>machines de tampographie<\/strong> de une \u00e0 cinq couleurs nous permettent de travailler automatiquement sur plusieurs faces avec l&rsquo;avantage suppl\u00e9mentaire d&rsquo;une vitesse maximale et d&rsquo;une fid\u00e9lit\u00e9 d&rsquo;impression m\u00eame sur des supports tr\u00e8s diff\u00e9rents. Ce type d&rsquo;impression \u00e9galement connu sous le nom de <strong>tampographie<\/strong> ou <em>pad printing<\/em> convient tr\u00e8s bien aux petites surfaces telles que celles des stylos, crayons et autres outils d&rsquo;\u00e9criture qui peuvent \u00eatre personnalis\u00e9s pour devenir des gadgets exclusifs<\/p>\n<p>Les syst\u00e8mes de s\u00e9rigraphie et de tampographie d&rsquo;ISI s.r.l. ont \u00e9t\u00e9 d\u00e9velopp\u00e9s directement dans notre \u00e9tablissement de Crescentino (VC) et sont soutenus par deux machines laser pour des d\u00e9corations \u00e0 360 degr\u00e9s. Pour plus d&rsquo;informations, visitez <a href=\"https:\/\/isisrl.company\/fr\/contacts\/\"><strong>la section Contactsde<\/strong><\/a> notre site Web ou contactez-nous directement au <strong><a class=\"w-text-h\" href=\"tel:+3901611735102\" target=\"_blank\" rel=\"noopener\"><span class=\"w-text-value\">+39 0161 1735102<\/span><\/a><\/strong><\/p>\n<\/div><\/div><\/div><\/div><\/div><div class=\"vc_col-sm-6 wpb_column vc_column_container\"><div class=\"vc_column-inner\"><div class=\"wpb_wrapper\"><div class=\"w-image style_circle align_center\"><div class=\"w-image-h\"><img decoding=\"async\" width=\"1024\" height=\"1024\" src=\"https:\/\/isisrl.company\/wp-content\/uploads\/2022\/01\/123-1024x1024.jpg\" class=\"attachment-large size-large\" alt=\"ISI | International System Industry\" loading=\"lazy\" srcset=\"https:\/\/isisrl.company\/wp-content\/uploads\/2022\/01\/123.jpg 1024w, https:\/\/isisrl.company\/wp-content\/uploads\/2022\/01\/123-300x300.jpg 300w, https:\/\/isisrl.company\/wp-content\/uploads\/2022\/01\/123-150x150.jpg 150w, https:\/\/isisrl.company\/wp-content\/uploads\/2022\/01\/123-900x900.jpg 900w, https:\/\/isisrl.company\/wp-content\/uploads\/2022\/01\/123-400x400.jpg 400w\" sizes=\"auto, (max-width: 1024px) 100vw, 1024px\" \/><\/div><\/div><\/div><\/div><\/div><\/div><div class=\"w-separator us_custom_31b73226 size_small\"><\/div><div class=\"g-cols wpb_row via_flex valign_top type_default stacking_default\" id=\"stamping\"><div class=\"vc_col-sm-12 wpb_column vc_column_container\"><div class=\"vc_column-inner\"><div class=\"wpb_wrapper\"><h3 class=\"w-text us_custom_785e50b2\"><span class=\"w-text-h\"><span class=\"w-text-value\">D\u00e9partement de marquage \u00e0 chaud<\/span><\/span><\/h3><div class=\"wpb_text_column\"><div class=\"wpb_wrapper\"><p style=\"text-align: left;\">Le marquage \u00e0 chaud permet de personnaliser des objets avec des <b>d\u00e9corations telles que des logos ou des dessins aux couleurs m\u00e9tallis\u00e9es,<\/b> tr\u00e8s appr\u00e9ci\u00e9es pour leur vivacit\u00e9. L&rsquo;avantage de ce type d&rsquo;impression est surtout donn\u00e9 par la <strong>capacit\u00e9 de la technique \u00e0 s&rsquo;adapter \u00e0 diff\u00e9rents mat\u00e9riaux (m\u00e9tal, plastique et m\u00eame verre), avec le transfert du<\/strong> film m\u00e9tallique <b><strong>m\u00eame sur des objets d\u00e9j\u00e0 peints sans aucun risque de d\u00e9t\u00e9rioration.<\/strong><\/b><\/p>\n<p style=\"text-align: left;\">De plus, le <b>marquage \u00e0 chaud<\/b> peut \u00eatre r\u00e9alis\u00e9 non seulement sur des surfaces planes, mais aussi elliptiques et cylindriques tant que le sujet \u00e0 reproduire n&rsquo;est pas trop petit (dans ce cas il vaut mieux opter pour la tampographie). Dans notre d\u00e9partement de marquage \u00e0 chaud, nous disposons de cinq machines 100% automatis\u00e9es parfaites pour l&rsquo;impression en arrondi \u00e0 360\u00b0 ainsi que de trois machines \u00ab classiques \u00bb pour l&rsquo;impression \u00e0 plat.<\/p>\n<p style=\"text-align: left;\">Parmi les applications dans lesquelles le marquage \u00e0 chaud est particuli\u00e8rement avantageux, on trouve la parfumerie et la cosm\u00e9tique o\u00f9 l&#8217;emballage n\u00e9cessite des d\u00e9corations \u00e9l\u00e9gantes capables de transmettre \u00e0 l&rsquo;\u0153il le raffinement des produits qu&rsquo;il cache.<\/p>\n<\/div><\/div><\/div><\/div><\/div><\/div><\/div><\/div><\/div><\/div><\/div><\/section>\n","protected":false},"excerpt":{"rendered":"PEINTURE ET IMPRESSION PEINTURE ET IMPRESSION R\u00c9ALISATIONSR\u00e9alisations pour tous les besoins d&#8217;emballageL&rsquo;\u00e9tablissement moderne d&rsquo;ISI s.r.l. a \u00e9t\u00e9 divis\u00e9 en quatre d\u00e9partements de production, afin de toujours offrir une approche personnalis\u00e9e pour les besoins de peinture des clients de secteurs tr\u00e8s diff\u00e9rents. D\u00e9partement peinture au pistoletDans ce d\u00e9partement, il y a huit machines de peinture automatiques...","protected":false},"author":4,"featured_media":0,"parent":0,"menu_order":0,"comment_status":"closed","ping_status":"closed","template":"","meta":{"_acf_changed":false,"footnotes":""},"class_list":["post-7516","page","type-page","status-publish","hentry"],"acf":[],"yoast_head":"<!-- This site is optimized with the Yoast SEO plugin v27.3 - https:\/\/yoast.com\/product\/yoast-seo-wordpress\/ -->\n<title>NOS R\u00c9ALISATIONS - ISI srl<\/title>\n<meta name=\"description\" content=\"Description: Dans l&#039;ISI s.r.l. \u00e0 Crescentino (VC), nous sommes \u00e9quip\u00e9s de machines de traitement telles que la peinture au pistolet ou \u00e0 dessin, le marquage \u00e0 chaud et la tampographie pour la personnalisation de stylos, crayons, emballages pour cosm\u00e9tiques et parfumerie et pi\u00e8ces pour le secteur automobile.\" \/>\n<meta name=\"robots\" content=\"index, follow, max-snippet:-1, max-image-preview:large, max-video-preview:-1\" \/>\n<link rel=\"canonical\" href=\"https:\/\/isisrl.company\/fr\/nos-realisations\/\" \/>\n<meta property=\"og:locale\" content=\"fr_FR\" \/>\n<meta property=\"og:type\" content=\"article\" \/>\n<meta property=\"og:title\" content=\"NOS R\u00c9ALISATIONS - ISI srl\" \/>\n<meta property=\"og:description\" content=\"Description: Dans l&#039;ISI s.r.l. \u00e0 Crescentino (VC), nous sommes \u00e9quip\u00e9s de machines de traitement telles que la peinture au pistolet ou \u00e0 dessin, le marquage \u00e0 chaud et la tampographie pour la personnalisation de stylos, crayons, emballages pour cosm\u00e9tiques et parfumerie et pi\u00e8ces pour le secteur automobile.\" \/>\n<meta property=\"og:url\" content=\"https:\/\/isisrl.company\/fr\/nos-realisations\/\" \/>\n<meta property=\"og:site_name\" content=\"ISI srl\" \/>\n<meta property=\"article:modified_time\" content=\"2022-03-09T10:14:54+00:00\" \/>\n<meta name=\"twitter:card\" content=\"summary_large_image\" \/>\n<meta name=\"twitter:label1\" content=\"Dur\u00e9e de lecture estim\u00e9e\" \/>\n\t<meta name=\"twitter:data1\" content=\"5 minutes\" \/>\n<script type=\"application\/ld+json\" class=\"yoast-schema-graph\">{\"@context\":\"https:\\\/\\\/schema.org\",\"@graph\":[{\"@type\":\"WebPage\",\"@id\":\"https:\\\/\\\/isisrl.company\\\/fr\\\/nos-realisations\\\/\",\"url\":\"https:\\\/\\\/isisrl.company\\\/fr\\\/nos-realisations\\\/\",\"name\":\"NOS R\u00c9ALISATIONS - ISI srl\",\"isPartOf\":{\"@id\":\"https:\\\/\\\/isisrl.company\\\/#website\"},\"datePublished\":\"2022-03-03T11:59:37+00:00\",\"dateModified\":\"2022-03-09T10:14:54+00:00\",\"description\":\"Description: Dans l'ISI s.r.l. \u00e0 Crescentino (VC), nous sommes \u00e9quip\u00e9s de machines de traitement telles que la peinture au pistolet ou \u00e0 dessin, le marquage \u00e0 chaud et la tampographie pour la personnalisation de stylos, crayons, emballages pour cosm\u00e9tiques et parfumerie et pi\u00e8ces pour le secteur automobile.\",\"breadcrumb\":{\"@id\":\"https:\\\/\\\/isisrl.company\\\/fr\\\/nos-realisations\\\/#breadcrumb\"},\"inLanguage\":\"fr-FR\",\"potentialAction\":[{\"@type\":\"ReadAction\",\"target\":[\"https:\\\/\\\/isisrl.company\\\/fr\\\/nos-realisations\\\/\"]}]},{\"@type\":\"BreadcrumbList\",\"@id\":\"https:\\\/\\\/isisrl.company\\\/fr\\\/nos-realisations\\\/#breadcrumb\",\"itemListElement\":[{\"@type\":\"ListItem\",\"position\":1,\"name\":\"Home\",\"item\":\"https:\\\/\\\/isisrl.company\\\/\"},{\"@type\":\"ListItem\",\"position\":2,\"name\":\"NOS R\u00c9ALISATIONS\"}]},{\"@type\":\"WebSite\",\"@id\":\"https:\\\/\\\/isisrl.company\\\/#website\",\"url\":\"https:\\\/\\\/isisrl.company\\\/\",\"name\":\"ISI srl\",\"description\":\"International System Indistry\",\"potentialAction\":[{\"@type\":\"SearchAction\",\"target\":{\"@type\":\"EntryPoint\",\"urlTemplate\":\"https:\\\/\\\/isisrl.company\\\/?s={search_term_string}\"},\"query-input\":{\"@type\":\"PropertyValueSpecification\",\"valueRequired\":true,\"valueName\":\"search_term_string\"}}],\"inLanguage\":\"fr-FR\"}]}<\/script>\n<!-- \/ Yoast SEO plugin. -->","yoast_head_json":{"title":"NOS R\u00c9ALISATIONS - ISI srl","description":"Description: Dans l'ISI s.r.l. \u00e0 Crescentino (VC), nous sommes \u00e9quip\u00e9s de machines de traitement telles que la peinture au pistolet ou \u00e0 dessin, le marquage \u00e0 chaud et la tampographie pour la personnalisation de stylos, crayons, emballages pour cosm\u00e9tiques et parfumerie et pi\u00e8ces pour le secteur automobile.","robots":{"index":"index","follow":"follow","max-snippet":"max-snippet:-1","max-image-preview":"max-image-preview:large","max-video-preview":"max-video-preview:-1"},"canonical":"https:\/\/isisrl.company\/fr\/nos-realisations\/","og_locale":"fr_FR","og_type":"article","og_title":"NOS R\u00c9ALISATIONS - ISI srl","og_description":"Description: Dans l'ISI s.r.l. \u00e0 Crescentino (VC), nous sommes \u00e9quip\u00e9s de machines de traitement telles que la peinture au pistolet ou \u00e0 dessin, le marquage \u00e0 chaud et la tampographie pour la personnalisation de stylos, crayons, emballages pour cosm\u00e9tiques et parfumerie et pi\u00e8ces pour le secteur automobile.","og_url":"https:\/\/isisrl.company\/fr\/nos-realisations\/","og_site_name":"ISI srl","article_modified_time":"2022-03-09T10:14:54+00:00","twitter_card":"summary_large_image","twitter_misc":{"Dur\u00e9e de lecture estim\u00e9e":"5 minutes"},"schema":{"@context":"https:\/\/schema.org","@graph":[{"@type":"WebPage","@id":"https:\/\/isisrl.company\/fr\/nos-realisations\/","url":"https:\/\/isisrl.company\/fr\/nos-realisations\/","name":"NOS R\u00c9ALISATIONS - ISI srl","isPartOf":{"@id":"https:\/\/isisrl.company\/#website"},"datePublished":"2022-03-03T11:59:37+00:00","dateModified":"2022-03-09T10:14:54+00:00","description":"Description: Dans l'ISI s.r.l. \u00e0 Crescentino (VC), nous sommes \u00e9quip\u00e9s de machines de traitement telles que la peinture au pistolet ou \u00e0 dessin, le marquage \u00e0 chaud et la tampographie pour la personnalisation de stylos, crayons, emballages pour cosm\u00e9tiques et parfumerie et pi\u00e8ces pour le secteur automobile.","breadcrumb":{"@id":"https:\/\/isisrl.company\/fr\/nos-realisations\/#breadcrumb"},"inLanguage":"fr-FR","potentialAction":[{"@type":"ReadAction","target":["https:\/\/isisrl.company\/fr\/nos-realisations\/"]}]},{"@type":"BreadcrumbList","@id":"https:\/\/isisrl.company\/fr\/nos-realisations\/#breadcrumb","itemListElement":[{"@type":"ListItem","position":1,"name":"Home","item":"https:\/\/isisrl.company\/"},{"@type":"ListItem","position":2,"name":"NOS R\u00c9ALISATIONS"}]},{"@type":"WebSite","@id":"https:\/\/isisrl.company\/#website","url":"https:\/\/isisrl.company\/","name":"ISI srl","description":"International System Indistry","potentialAction":[{"@type":"SearchAction","target":{"@type":"EntryPoint","urlTemplate":"https:\/\/isisrl.company\/?s={search_term_string}"},"query-input":{"@type":"PropertyValueSpecification","valueRequired":true,"valueName":"search_term_string"}}],"inLanguage":"fr-FR"}]}},"_links":{"self":[{"href":"https:\/\/isisrl.company\/fr\/wp-json\/wp\/v2\/pages\/7516","targetHints":{"allow":["GET"]}}],"collection":[{"href":"https:\/\/isisrl.company\/fr\/wp-json\/wp\/v2\/pages"}],"about":[{"href":"https:\/\/isisrl.company\/fr\/wp-json\/wp\/v2\/types\/page"}],"author":[{"embeddable":true,"href":"https:\/\/isisrl.company\/fr\/wp-json\/wp\/v2\/users\/4"}],"replies":[{"embeddable":true,"href":"https:\/\/isisrl.company\/fr\/wp-json\/wp\/v2\/comments?post=7516"}],"version-history":[{"count":4,"href":"https:\/\/isisrl.company\/fr\/wp-json\/wp\/v2\/pages\/7516\/revisions"}],"predecessor-version":[{"id":7627,"href":"https:\/\/isisrl.company\/fr\/wp-json\/wp\/v2\/pages\/7516\/revisions\/7627"}],"wp:attachment":[{"href":"https:\/\/isisrl.company\/fr\/wp-json\/wp\/v2\/media?parent=7516"}],"curies":[{"name":"wp","href":"https:\/\/api.w.org\/{rel}","templated":true}]}}