{"id":7520,"date":"2022-03-03T13:12:43","date_gmt":"2022-03-03T13:12:43","guid":{"rendered":"https:\/\/isisrl.company\/nos-services\/"},"modified":"2022-03-09T10:19:18","modified_gmt":"2022-03-09T10:19:18","slug":"nos-services","status":"publish","type":"page","link":"https:\/\/isisrl.company\/fr\/nos-services\/","title":{"rendered":"Nos Services"},"content":{"rendered":"<section class=\"l-section wpb_row hide_on_tablets hide_on_mobiles height_medium width_full color_primary with_img\"><div class=\"l-section-img\" role=\"img\" aria-label=\"ISI | International System Industry\" data-img-width=\"1920\" data-img-height=\"1282\" style=\"background-image: url(https:\/\/isisrl.company\/wp-content\/uploads\/2022\/01\/DSC_6704-1.jpg);background-repeat: no-repeat;\"><\/div><div class=\"l-section-overlay\" style=\"background:rgba(0,0,0,0.45)\"><\/div><div class=\"l-section-h i-cf\"><div class=\"g-cols vc_row via_flex valign_top type_default stacking_default\"><div class=\"vc_col-sm-12 wpb_column vc_column_container\"><div class=\"vc_column-inner\"><div class=\"wpb_wrapper\"><div class=\"w-separator size_custom\" style=\"height:100px\"><\/div><div class=\"wpb_text_column us_custom_9dbbdff4\"><div class=\"wpb_wrapper\"><h2 style=\"text-align: center;\"><strong>SERVICES DE PEINTURE ET D&rsquo;IMPRESSION <\/strong><\/h2>\n<\/div><\/div><div class=\"w-separator size_custom\" style=\"height:100px\"><\/div><\/div><\/div><\/div><\/div><\/div><\/section><section class=\"l-section wpb_row hide_on_default hide_on_laptops height_medium width_full color_primary with_img\" id=\"mob\"><div class=\"l-section-img\" role=\"img\" aria-label=\"ISI | International System Industry\" data-img-width=\"1920\" data-img-height=\"1282\" style=\"background-image: url(https:\/\/isisrl.company\/wp-content\/uploads\/2022\/01\/DSC_6704-1.jpg);background-repeat: no-repeat;\"><\/div><div class=\"l-section-overlay\" style=\"background:rgba(0,0,0,0.45)\"><\/div><div class=\"l-section-h i-cf\"><div class=\"g-cols vc_row via_flex valign_top type_default stacking_default\"><div class=\"vc_col-sm-12 wpb_column vc_column_container\"><div class=\"vc_column-inner\"><div class=\"wpb_wrapper\"><div class=\"w-separator size_custom\" style=\"height:170px\"><\/div><div class=\"wpb_text_column us_custom_9dbbdff4\"><div class=\"wpb_wrapper\"><h2 style=\"text-align: center;\"><strong>SERVICES DE PEINTURE ET D&rsquo;IMPRESSION <\/strong><\/h2>\n<\/div><\/div><div class=\"w-separator size_custom\" style=\"height:60px\"><\/div><\/div><\/div><\/div><\/div><\/div><\/section><section class=\"l-section wpb_row hide_on_tablets hide_on_mobiles height_medium\"><div class=\"l-section-h i-cf\"><div class=\"g-cols vc_row via_flex valign_middle type_default stacking_default\"><div class=\"vc_col-sm-12 wpb_column vc_column_container\"><div class=\"vc_column-inner\"><div class=\"wpb_wrapper\"><div class=\"g-cols wpb_row via_flex valign_top type_default stacking_default\"><div class=\"vc_col-sm-6 wpb_column vc_column_container\"><div class=\"vc_column-inner\"><div class=\"wpb_wrapper\"><h1 class=\"w-text us_custom_c39729dd has_text_color\"><span class=\"w-text-h\"><span class=\"w-text-value\">Services<\/span><\/span><\/h1><h2 class=\"w-text us_custom_07c0476c\"><span class=\"w-text-h\"><span class=\"w-text-value\">Peinture et d\u00e9coration :<br \/>\nLes services d\u2019ISI s.r.l.<\/span><\/span><\/h2><div class=\"w-separator us_custom_31b73226 size_small with_line width_default thick_2 style_solid color_secondary align_center with_content\"><div class=\"w-separator-h\"><i class=\"far fa-landmark\"><\/i><\/div><\/div><div class=\"wpb_text_column\"><div class=\"wpb_wrapper\"><p>Chaque entreprise recherche un emballage beau et \u00e9l\u00e9gant capable de repr\u00e9senter l&rsquo;essence de sa marque sur le march\u00e9. C&rsquo;est particuli\u00e8rement vrai pour les secteurs de la <strong>parfumerie<\/strong> et de la <strong>cosm\u00e9tique<\/strong> qui ont besoin d&rsquo;attirer l&rsquo;attention par des couleurs et des d\u00e9cors exclusifs et sur mesure.<\/p>\n<p>Par rapport \u00e0 d&rsquo;autres entreprises de la r\u00e9gion, le travail d&rsquo;ISI s.r.l. ne se limite pas \u00e0 la simple peinture des pi\u00e8ces, mais commence par un <strong>service de conseil opportun<\/strong>, ce qui nous permet de devenir de v\u00e9ritables partenaires de chaque client pour l&rsquo;aider dans le choix des solutions et des couleurs personnalis\u00e9es <em>ad hoc<\/em> pour les mat\u00e9riaux et le type d&#8217;emballage d&rsquo;origine.<\/p>\n<\/div><\/div><div class=\"wpb_text_column\"><div class=\"wpb_wrapper\"><p>\u00c0 l&rsquo;int\u00e9rieur de l&rsquo;\u00e9tablissement de Crescentino (VC), nous avons une installation de peinture d&#8217;emballages divis\u00e9e en diff\u00e9rents d\u00e9partements afin de toujours assurer la finition requise.<\/p>\n<\/div><\/div><div class=\"w-separator size_custom\" style=\"height:25px\"><\/div><\/div><\/div><\/div><div class=\"vc_col-sm-6 wpb_column vc_column_container\"><div class=\"vc_column-inner\"><div class=\"wpb_wrapper\"><div class=\"w-separator us_custom_31b73226 size_custom\" style=\"height:40px\"><\/div><div class=\"w-image align_center\"><div class=\"w-image-h\"><img decoding=\"async\" width=\"1024\" height=\"1024\" src=\"https:\/\/isisrl.company\/wp-content\/uploads\/2022\/01\/21211-1024x1024.jpg\" class=\"attachment-large size-large\" alt=\"ISI | International System Industry\" loading=\"lazy\" srcset=\"https:\/\/isisrl.company\/wp-content\/uploads\/2022\/01\/21211.jpg 1024w, https:\/\/isisrl.company\/wp-content\/uploads\/2022\/01\/21211-300x300.jpg 300w, https:\/\/isisrl.company\/wp-content\/uploads\/2022\/01\/21211-150x150.jpg 150w, https:\/\/isisrl.company\/wp-content\/uploads\/2022\/01\/21211-900x900.jpg 900w, https:\/\/isisrl.company\/wp-content\/uploads\/2022\/01\/21211-400x400.jpg 400w\" sizes=\"auto, (max-width: 1024px) 100vw, 1024px\" \/><\/div><\/div><\/div><\/div><\/div><\/div><div class=\"wpb_text_column\"><div class=\"wpb_wrapper\"><p>Par exemple, nous pouvons r\u00e9aliser pour vous des peintures au pistolet non seulement dans des couleurs brillantes et opaques, mais aussi avec des effets tr\u00e8s particuliers et de plus en plus demand\u00e9s pour le secteur de la parfumerie comme le <strong>d\u00e9grad\u00e9, qui se caract\u00e9rise par son grand impact esth\u00e9tique gr\u00e2ce au traitement parfaitement homog\u00e8ne m\u00eame pour les plus petites pi\u00e8ces.<\/strong><\/p>\n<p><strong>ISI s.r.l. assure le contr\u00f4le de la qualit\u00e9 des pi\u00e8ces tout au long du cycle de production avec la peinture d&rsquo;objets cylindriques en plastique, m\u00e9tal ou verre \u00e9galement pour les secteurs de l&rsquo;automobile et de l&rsquo;\u00e9criture.<\/strong> <strong>Les stylos et<\/strong> <strong>crayons sont personnalis\u00e9s selon les demandes dans le d\u00e9partement de peinture ce qui nous permet \u00e9galement d&rsquo;utiliser la technique<\/strong> <strong>soft-touch<\/strong>, de plus en plus demand\u00e9e pour l&rsquo;effet agr\u00e9able au toucher qui assure douceur et excellente prise en main.<\/p>\n<p>Un autre service particuli\u00e8rement appr\u00e9ci\u00e9 concerne la personnalisation des flacons et des emballages par des d\u00e9cors, dessins et logos appos\u00e9s par marquage \u00e0 chaud qui permet de reporter une fine feuille m\u00e9tallique (color\u00e9e, brillante ou opaque) sur des supports \u00e9galement de forme complexe. En effet, dans notre d\u00e9partement sp\u00e9cialis\u00e9, nous proposons le marquage \u00e0 chaud non seulement pour les supports plats, mais \u00e9galement pour l&rsquo;impression en arrondi \u00e0 360 degr\u00e9s.<\/p>\n<p>Ce type de marquage \u00e0 chaud est particuli\u00e8rement efficace pour la <strong>personnalisation des emballages cosm\u00e9tiques<\/strong>et le d\u00e9veloppement au sein d&rsquo;ISI s.r.l. des syst\u00e8mes d&rsquo;impression pour la s\u00e9rigraphie et la tampographie garantit au client un excellent rapport qualit\u00e9-prix avec des d\u00e9lais de livraison r\u00e9duits. Et pour les situations o\u00f9 l&rsquo;impression sur de petites surfaces est requise, nous nous sommes \u00e9quip\u00e9s <strong>\u00e9quip\u00e9s de machines<\/strong> de tampographie de une \u00e0 cinq couleurs pour obtenir une grande fid\u00e9lit\u00e9 d&rsquo;impression sur stylos et crayons ainsi que pour la d\u00e9coration d&rsquo;\u00e9l\u00e9ments tels que les bouteilles et bouchons pour la parfumerie et les cosm\u00e9tiques.<\/p>\n<\/div><\/div><\/div><\/div><\/div><\/div><\/div><\/section><section class=\"l-section wpb_row hide_on_default hide_on_laptops height_medium\" id=\"mob\"><div class=\"l-section-h i-cf\"><div class=\"g-cols vc_row via_flex valign_middle type_default stacking_default\"><div class=\"vc_col-sm-12 wpb_column vc_column_container\"><div class=\"vc_column-inner\"><div class=\"wpb_wrapper\"><div class=\"g-cols wpb_row via_flex valign_top type_default stacking_default\"><div class=\"vc_col-sm-12 wpb_column vc_column_container\"><div class=\"vc_column-inner\"><div class=\"wpb_wrapper\"><h2 class=\"w-text us_custom_c39729dd has_text_color\"><span class=\"w-text-h\"><span class=\"w-text-value\">Services<\/span><\/span><\/h2><h2 class=\"w-text us_custom_07c0476c\"><span class=\"w-text-h\"><span class=\"w-text-value\">Peinture et d\u00e9coration :<br \/>\nLes services d\u2019ISI s.r.l.<\/span><\/span><\/h2><div class=\"w-separator us_custom_31b73226 size_small with_line width_default thick_2 style_solid color_secondary align_center with_content\"><div class=\"w-separator-h\"><i class=\"far fa-landmark\"><\/i><\/div><\/div><div class=\"wpb_text_column\"><div class=\"wpb_wrapper\"><p>Chaque entreprise recherche un emballage beau et \u00e9l\u00e9gant capable de repr\u00e9senter l&rsquo;essence de sa marque sur le march\u00e9. C&rsquo;est particuli\u00e8rement vrai pour les secteurs de la <strong>parfumerie<\/strong> et de la <strong>cosm\u00e9tique<\/strong> qui ont besoin d&rsquo;attirer l&rsquo;attention par des couleurs et des d\u00e9cors exclusifs et sur mesure.<\/p>\n<p>Par rapport \u00e0 d&rsquo;autres entreprises de la r\u00e9gion, le travail d&rsquo;ISI s.r.l. ne se limite pas \u00e0 la simple peinture des pi\u00e8ces, mais commence par un <strong>service de conseil opportun<\/strong>, ce qui nous permet de devenir de v\u00e9ritables partenaires de chaque client pour l&rsquo;aider dans le choix des solutions et des couleurs personnalis\u00e9es <em>ad hoc<\/em> pour les mat\u00e9riaux et le type d&#8217;emballage d&rsquo;origine.<\/p>\n<\/div><\/div><div class=\"wpb_text_column\"><div class=\"wpb_wrapper\"><p>\u00c0 l&rsquo;int\u00e9rieur de l&rsquo;\u00e9tablissement de Crescentino (VC), nous avons une installation de peinture d&#8217;emballages divis\u00e9e en diff\u00e9rents d\u00e9partements afin de toujours assurer la finition requise.<\/p>\n<\/div><\/div><div class=\"w-image align_center\"><div class=\"w-image-h\"><img decoding=\"async\" width=\"1024\" height=\"1024\" src=\"https:\/\/isisrl.company\/wp-content\/uploads\/2022\/01\/21211-1024x1024.jpg\" class=\"attachment-large size-large\" alt=\"ISI | International System Industry\" loading=\"lazy\" srcset=\"https:\/\/isisrl.company\/wp-content\/uploads\/2022\/01\/21211.jpg 1024w, https:\/\/isisrl.company\/wp-content\/uploads\/2022\/01\/21211-300x300.jpg 300w, https:\/\/isisrl.company\/wp-content\/uploads\/2022\/01\/21211-150x150.jpg 150w, https:\/\/isisrl.company\/wp-content\/uploads\/2022\/01\/21211-900x900.jpg 900w, https:\/\/isisrl.company\/wp-content\/uploads\/2022\/01\/21211-400x400.jpg 400w\" sizes=\"auto, (max-width: 1024px) 100vw, 1024px\" \/><\/div><\/div><\/div><\/div><\/div><\/div><div class=\"wpb_text_column\"><div class=\"wpb_wrapper\"><p>Par exemple, nous pouvons r\u00e9aliser pour vous des peintures au pistolet non seulement dans des couleurs brillantes et opaques, mais aussi avec des effets tr\u00e8s particuliers et de plus en plus demand\u00e9s pour le secteur de la parfumerie comme le <strong>d\u00e9grad\u00e9, qui se caract\u00e9rise par son grand impact esth\u00e9tique gr\u00e2ce au traitement parfaitement homog\u00e8ne m\u00eame pour les plus petites pi\u00e8ces.<\/strong><\/p>\n<p><strong>ISI s.r.l. assure le contr\u00f4le de la qualit\u00e9 des pi\u00e8ces tout au long du cycle de production avec la peinture d&rsquo;objets cylindriques en plastique, m\u00e9tal ou verre \u00e9galement pour les secteurs de l&rsquo;automobile et de l&rsquo;\u00e9criture.<\/strong> <strong>Les stylos et<\/strong> <strong>crayons sont personnalis\u00e9s selon les demandes dans le d\u00e9partement de peinture ce qui nous permet \u00e9galement d&rsquo;utiliser la technique<\/strong> <strong>soft-touch<\/strong>, de plus en plus demand\u00e9e pour l&rsquo;effet agr\u00e9able au toucher qui assure douceur et excellente prise en main.<\/p>\n<p>Un autre service particuli\u00e8rement appr\u00e9ci\u00e9 concerne la personnalisation des flacons et des emballages par des d\u00e9cors, dessins et logos appos\u00e9s par marquage \u00e0 chaud qui permet de reporter une fine feuille m\u00e9tallique (color\u00e9e, brillante ou opaque) sur des supports \u00e9galement de forme complexe. En effet, dans notre d\u00e9partement sp\u00e9cialis\u00e9, nous proposons le marquage \u00e0 chaud non seulement pour les supports plats, mais \u00e9galement pour l&rsquo;impression en arrondi \u00e0 360 degr\u00e9s.<\/p>\n<p>Ce type de marquage \u00e0 chaud est particuli\u00e8rement efficace pour la <strong>personnalisation des emballages cosm\u00e9tiques<\/strong>et le d\u00e9veloppement au sein d&rsquo;ISI s.r.l. des syst\u00e8mes d&rsquo;impression pour la s\u00e9rigraphie et la tampographie garantit au client un excellent rapport qualit\u00e9-prix avec des d\u00e9lais de livraison r\u00e9duits. Et pour les situations o\u00f9 l&rsquo;impression sur de petites surfaces est requise, nous nous sommes \u00e9quip\u00e9s <strong>\u00e9quip\u00e9s de machines<\/strong> de tampographie de une \u00e0 cinq couleurs pour obtenir une grande fid\u00e9lit\u00e9 d&rsquo;impression sur stylos et crayons ainsi que pour la d\u00e9coration d&rsquo;\u00e9l\u00e9ments tels que les bouteilles et bouchons pour la parfumerie et les cosm\u00e9tiques.<\/p>\n<\/div><\/div><\/div><\/div><\/div><\/div><\/div><\/section><section class=\"l-section wpb_row height_medium color_primary with_img parallax_ver parallaxdir_reversed\"><div class=\"l-section-img\" role=\"img\" aria-label=\"ISI | International System Industry\" data-img-width=\"1920\" data-img-height=\"1282\" style=\"background-image: url(https:\/\/isisrl.company\/wp-content\/uploads\/2022\/01\/DSC_6707-1.jpg);background-repeat: no-repeat;\"><\/div><div class=\"l-section-overlay\" style=\"background:rgba(0,0,0,0.47)\"><\/div><div class=\"l-section-h i-cf\"><div class=\"g-cols vc_row via_flex valign_top type_default stacking_default\"><div class=\"vc_col-sm-12 wpb_column vc_column_container\"><div class=\"vc_column-inner\"><div class=\"wpb_wrapper\"><div class=\"w-separator size_large\"><\/div><div class=\"wpb_text_column\"><div class=\"wpb_wrapper\"><h2 style=\"text-align: center;\"><strong>SP\u00c9CIALISTES DE LA PEINTURE DANS LE SECTEUR COSM\u00c9TIQUE ET DES PETITS D\u00c9TAILS EN G\u00c9N\u00c9RAL<br \/>\n<\/strong><\/h2>\n<\/div><\/div><div class=\"w-separator size_large\"><\/div><\/div><\/div><\/div><\/div><\/div><\/section><section class=\"l-section wpb_row height_auto\"><div class=\"l-section-h i-cf\"><div class=\"g-cols vc_row via_flex valign_middle type_default stacking_default\"><div class=\"vc_col-sm-6 wpb_column vc_column_container\"><div class=\"vc_column-inner\"><div class=\"wpb_wrapper\"><div class=\"w-separator size_custom\" style=\"height:25px\"><\/div><div class=\"w-image style_circle align_center\"><div class=\"w-image-h\"><img decoding=\"async\" width=\"1024\" height=\"1024\" src=\"https:\/\/isisrl.company\/wp-content\/uploads\/2022\/01\/3444-1024x1024.jpg\" class=\"attachment-large size-large\" alt=\"ISI | International System Industry\" loading=\"lazy\" srcset=\"https:\/\/isisrl.company\/wp-content\/uploads\/2022\/01\/3444.jpg 1024w, https:\/\/isisrl.company\/wp-content\/uploads\/2022\/01\/3444-300x300.jpg 300w, https:\/\/isisrl.company\/wp-content\/uploads\/2022\/01\/3444-150x150.jpg 150w, https:\/\/isisrl.company\/wp-content\/uploads\/2022\/01\/3444-900x900.jpg 900w, https:\/\/isisrl.company\/wp-content\/uploads\/2022\/01\/3444-400x400.jpg 400w\" sizes=\"auto, (max-width: 1024px) 100vw, 1024px\" \/><\/div><\/div><\/div><\/div><\/div><div class=\"vc_col-sm-6 wpb_column vc_column_container\"><div class=\"vc_column-inner\"><div class=\"wpb_wrapper\"><div class=\"wpb_text_column\"><div class=\"wpb_wrapper\"><div>\n<p>Ce type d&rsquo;impression est tr\u00e8s rapide et propre et est parfait pour imprimer des informations sur le produit directement sur l&#8217;emballage afin de r\u00e9pondre aux besoins des clients <strong>sans sacrifier la pr\u00e9cision et la beaut\u00e9 de l&rsquo;ensemble de l&#8217;emballage<\/strong> gr\u00e2ce \u00e0 la haute d\u00e9finition des textes et des images et \u00e0 un rendu final aux couleurs extr\u00eamement vives.<\/p>\n<p>Si vous souhaitez plus d&rsquo;informations sur les services d&rsquo;ISI s.r.l. d\u00e9di\u00e9s \u00e0 la peinture pour la cosm\u00e9tique, la parfumerie et l&rsquo;automobile, visitez la section sp\u00e9ciale de notre <strong><a href=\"https:\/\/isisrl.company\/fr\/contacts\/\">site Web<\/a><\/strong> ou contactez-nous directement au <a class=\"w-text-h\" href=\"tel:+3901611735102\" target=\"_blank\" rel=\"noopener\"><span class=\"w-text-value\"><strong>+39 0161 1735102<\/strong><\/span><\/a><strong>.<\/strong><\/p>\n<\/div>\n<\/div><\/div><\/div><\/div><\/div><\/div><\/div><\/section>\n","protected":false},"excerpt":{"rendered":"SERVICES DE PEINTURE ET D&rsquo;IMPRESSION SERVICES DE PEINTURE ET D&rsquo;IMPRESSION ServicesPeinture et d\u00e9coration : Les services d\u2019ISI s.r.l.Chaque entreprise recherche un emballage beau et \u00e9l\u00e9gant capable de repr\u00e9senter l&rsquo;essence de sa marque sur le march\u00e9. C&rsquo;est particuli\u00e8rement vrai pour les secteurs de la parfumerie et de la cosm\u00e9tique qui ont besoin d&rsquo;attirer l&rsquo;attention par des...","protected":false},"author":4,"featured_media":0,"parent":0,"menu_order":0,"comment_status":"closed","ping_status":"closed","template":"","meta":{"_acf_changed":false,"footnotes":""},"class_list":["post-7520","page","type-page","status-publish","hentry"],"acf":[],"yoast_head":"<!-- This site is optimized with the Yoast SEO plugin v27.3 - https:\/\/yoast.com\/product\/yoast-seo-wordpress\/ -->\n<title>Nos Services - ISI srl<\/title>\n<meta name=\"description\" content=\"ISI s.r.l. propose la peinture d&#039;emballages pour la cosm\u00e9tique et la parfumerie ainsi que des stylos et articles pour le secteur automobile. Parmi les services offerts, nous trouvons l&#039;impression \u00e0 chaud ou au tampon de logos et de d\u00e9tails et la personnalisation maximale des couleurs gr\u00e2ce \u00e0 la s\u00e9rigraphie.\" \/>\n<meta name=\"robots\" content=\"index, follow, max-snippet:-1, max-image-preview:large, max-video-preview:-1\" \/>\n<link rel=\"canonical\" href=\"https:\/\/isisrl.company\/fr\/nos-services\/\" \/>\n<meta property=\"og:locale\" content=\"fr_FR\" \/>\n<meta property=\"og:type\" content=\"article\" \/>\n<meta property=\"og:title\" content=\"Nos Services - ISI srl\" \/>\n<meta property=\"og:description\" content=\"ISI s.r.l. propose la peinture d&#039;emballages pour la cosm\u00e9tique et la parfumerie ainsi que des stylos et articles pour le secteur automobile. Parmi les services offerts, nous trouvons l&#039;impression \u00e0 chaud ou au tampon de logos et de d\u00e9tails et la personnalisation maximale des couleurs gr\u00e2ce \u00e0 la s\u00e9rigraphie.\" \/>\n<meta property=\"og:url\" content=\"https:\/\/isisrl.company\/fr\/nos-services\/\" \/>\n<meta property=\"og:site_name\" content=\"ISI srl\" \/>\n<meta property=\"article:modified_time\" content=\"2022-03-09T10:19:18+00:00\" \/>\n<meta name=\"twitter:card\" content=\"summary_large_image\" \/>\n<meta name=\"twitter:label1\" content=\"Dur\u00e9e de lecture estim\u00e9e\" \/>\n\t<meta name=\"twitter:data1\" content=\"6 minutes\" \/>\n<script type=\"application\/ld+json\" class=\"yoast-schema-graph\">{\"@context\":\"https:\\\/\\\/schema.org\",\"@graph\":[{\"@type\":\"WebPage\",\"@id\":\"https:\\\/\\\/isisrl.company\\\/fr\\\/nos-services\\\/\",\"url\":\"https:\\\/\\\/isisrl.company\\\/fr\\\/nos-services\\\/\",\"name\":\"Nos Services - ISI srl\",\"isPartOf\":{\"@id\":\"https:\\\/\\\/isisrl.company\\\/#website\"},\"datePublished\":\"2022-03-03T13:12:43+00:00\",\"dateModified\":\"2022-03-09T10:19:18+00:00\",\"description\":\"ISI s.r.l. propose la peinture d'emballages pour la cosm\u00e9tique et la parfumerie ainsi que des stylos et articles pour le secteur automobile. Parmi les services offerts, nous trouvons l'impression \u00e0 chaud ou au tampon de logos et de d\u00e9tails et la personnalisation maximale des couleurs gr\u00e2ce \u00e0 la s\u00e9rigraphie.\",\"breadcrumb\":{\"@id\":\"https:\\\/\\\/isisrl.company\\\/fr\\\/nos-services\\\/#breadcrumb\"},\"inLanguage\":\"fr-FR\",\"potentialAction\":[{\"@type\":\"ReadAction\",\"target\":[\"https:\\\/\\\/isisrl.company\\\/fr\\\/nos-services\\\/\"]}]},{\"@type\":\"BreadcrumbList\",\"@id\":\"https:\\\/\\\/isisrl.company\\\/fr\\\/nos-services\\\/#breadcrumb\",\"itemListElement\":[{\"@type\":\"ListItem\",\"position\":1,\"name\":\"Home\",\"item\":\"https:\\\/\\\/isisrl.company\\\/\"},{\"@type\":\"ListItem\",\"position\":2,\"name\":\"Nos Services\"}]},{\"@type\":\"WebSite\",\"@id\":\"https:\\\/\\\/isisrl.company\\\/#website\",\"url\":\"https:\\\/\\\/isisrl.company\\\/\",\"name\":\"ISI srl\",\"description\":\"International System Indistry\",\"potentialAction\":[{\"@type\":\"SearchAction\",\"target\":{\"@type\":\"EntryPoint\",\"urlTemplate\":\"https:\\\/\\\/isisrl.company\\\/?s={search_term_string}\"},\"query-input\":{\"@type\":\"PropertyValueSpecification\",\"valueRequired\":true,\"valueName\":\"search_term_string\"}}],\"inLanguage\":\"fr-FR\"}]}<\/script>\n<!-- \/ Yoast SEO plugin. -->","yoast_head_json":{"title":"Nos Services - ISI srl","description":"ISI s.r.l. propose la peinture d'emballages pour la cosm\u00e9tique et la parfumerie ainsi que des stylos et articles pour le secteur automobile. Parmi les services offerts, nous trouvons l'impression \u00e0 chaud ou au tampon de logos et de d\u00e9tails et la personnalisation maximale des couleurs gr\u00e2ce \u00e0 la s\u00e9rigraphie.","robots":{"index":"index","follow":"follow","max-snippet":"max-snippet:-1","max-image-preview":"max-image-preview:large","max-video-preview":"max-video-preview:-1"},"canonical":"https:\/\/isisrl.company\/fr\/nos-services\/","og_locale":"fr_FR","og_type":"article","og_title":"Nos Services - ISI srl","og_description":"ISI s.r.l. propose la peinture d'emballages pour la cosm\u00e9tique et la parfumerie ainsi que des stylos et articles pour le secteur automobile. Parmi les services offerts, nous trouvons l'impression \u00e0 chaud ou au tampon de logos et de d\u00e9tails et la personnalisation maximale des couleurs gr\u00e2ce \u00e0 la s\u00e9rigraphie.","og_url":"https:\/\/isisrl.company\/fr\/nos-services\/","og_site_name":"ISI srl","article_modified_time":"2022-03-09T10:19:18+00:00","twitter_card":"summary_large_image","twitter_misc":{"Dur\u00e9e de lecture estim\u00e9e":"6 minutes"},"schema":{"@context":"https:\/\/schema.org","@graph":[{"@type":"WebPage","@id":"https:\/\/isisrl.company\/fr\/nos-services\/","url":"https:\/\/isisrl.company\/fr\/nos-services\/","name":"Nos Services - ISI srl","isPartOf":{"@id":"https:\/\/isisrl.company\/#website"},"datePublished":"2022-03-03T13:12:43+00:00","dateModified":"2022-03-09T10:19:18+00:00","description":"ISI s.r.l. propose la peinture d'emballages pour la cosm\u00e9tique et la parfumerie ainsi que des stylos et articles pour le secteur automobile. Parmi les services offerts, nous trouvons l'impression \u00e0 chaud ou au tampon de logos et de d\u00e9tails et la personnalisation maximale des couleurs gr\u00e2ce \u00e0 la s\u00e9rigraphie.","breadcrumb":{"@id":"https:\/\/isisrl.company\/fr\/nos-services\/#breadcrumb"},"inLanguage":"fr-FR","potentialAction":[{"@type":"ReadAction","target":["https:\/\/isisrl.company\/fr\/nos-services\/"]}]},{"@type":"BreadcrumbList","@id":"https:\/\/isisrl.company\/fr\/nos-services\/#breadcrumb","itemListElement":[{"@type":"ListItem","position":1,"name":"Home","item":"https:\/\/isisrl.company\/"},{"@type":"ListItem","position":2,"name":"Nos Services"}]},{"@type":"WebSite","@id":"https:\/\/isisrl.company\/#website","url":"https:\/\/isisrl.company\/","name":"ISI srl","description":"International System Indistry","potentialAction":[{"@type":"SearchAction","target":{"@type":"EntryPoint","urlTemplate":"https:\/\/isisrl.company\/?s={search_term_string}"},"query-input":{"@type":"PropertyValueSpecification","valueRequired":true,"valueName":"search_term_string"}}],"inLanguage":"fr-FR"}]}},"_links":{"self":[{"href":"https:\/\/isisrl.company\/fr\/wp-json\/wp\/v2\/pages\/7520","targetHints":{"allow":["GET"]}}],"collection":[{"href":"https:\/\/isisrl.company\/fr\/wp-json\/wp\/v2\/pages"}],"about":[{"href":"https:\/\/isisrl.company\/fr\/wp-json\/wp\/v2\/types\/page"}],"author":[{"embeddable":true,"href":"https:\/\/isisrl.company\/fr\/wp-json\/wp\/v2\/users\/4"}],"replies":[{"embeddable":true,"href":"https:\/\/isisrl.company\/fr\/wp-json\/wp\/v2\/comments?post=7520"}],"version-history":[{"count":4,"href":"https:\/\/isisrl.company\/fr\/wp-json\/wp\/v2\/pages\/7520\/revisions"}],"predecessor-version":[{"id":7631,"href":"https:\/\/isisrl.company\/fr\/wp-json\/wp\/v2\/pages\/7520\/revisions\/7631"}],"wp:attachment":[{"href":"https:\/\/isisrl.company\/fr\/wp-json\/wp\/v2\/media?parent=7520"}],"curies":[{"name":"wp","href":"https:\/\/api.w.org\/{rel}","templated":true}]}}